{"id":1051,"date":"2023-08-21T14:46:41","date_gmt":"2023-08-21T12:46:41","guid":{"rendered":"https:\/\/funanim.be\/?page_id=1051"},"modified":"2025-08-16T15:48:05","modified_gmt":"2025-08-16T13:48:05","slug":"baby-gym","status":"publish","type":"page","link":"https:\/\/funanim.be\/index.php\/baby-gym\/","title":{"rendered":"Baby-Gym"},"content":{"rendered":"\t\t<div data-elementor-type=\"wp-page\" data-elementor-id=\"1051\" class=\"elementor elementor-1051\">\n\t\t\t\t\t\t\t\t\t<section class=\"elementor-section elementor-top-section elementor-element elementor-element-47e5ae6 elementor-section-boxed elementor-section-height-default elementor-section-height-default\" data-id=\"47e5ae6\" data-element_type=\"section\">\n\t\t\t\t\t\t<div class=\"elementor-container elementor-column-gap-default\">\n\t\t\t\t\t<div class=\"elementor-column elementor-col-50 elementor-top-column elementor-element elementor-element-cf97871\" data-id=\"cf97871\" data-element_type=\"column\">\n\t\t\t<div class=\"elementor-widget-wrap elementor-element-populated\">\n\t\t\t\t\t\t\t\t<div class=\"elementor-element elementor-element-7f3e4de elementor-widget elementor-widget-image\" data-id=\"7f3e4de\" data-element_type=\"widget\" data-widget_type=\"image.default\">\n\t\t\t\t<div class=\"elementor-widget-container\">\n\t\t\t<style>\/*! elementor - v3.15.0 - 09-08-2023 *\/\n.elementor-widget-image{text-align:center}.elementor-widget-image a{display:inline-block}.elementor-widget-image a img[src$=\".svg\"]{width:48px}.elementor-widget-image img{vertical-align:middle;display:inline-block}<\/style>\t\t\t\t\t\t\t\t\t\t\t\t<img loading=\"lazy\" decoding=\"async\" width=\"960\" height=\"720\" src=\"https:\/\/funanim.be\/wp-content\/uploads\/2023\/08\/baby-gym.jpg\" class=\"attachment-large size-large wp-image-1707\" alt=\"\" srcset=\"https:\/\/funanim.be\/wp-content\/uploads\/2023\/08\/baby-gym.jpg 960w, https:\/\/funanim.be\/wp-content\/uploads\/2023\/08\/baby-gym-300x225.jpg 300w, https:\/\/funanim.be\/wp-content\/uploads\/2023\/08\/baby-gym-768x576.jpg 768w\" sizes=\"auto, (max-width: 960px) 100vw, 960px\" \/>\t\t\t\t\t\t\t\t\t\t\t\t\t\t\t<\/div>\n\t\t\t\t<\/div>\n\t\t\t\t<div class=\"elementor-element elementor-element-fa6cba9 gallery-spacing-custom elementor-widget elementor-widget-image-gallery\" data-id=\"fa6cba9\" data-element_type=\"widget\" data-widget_type=\"image-gallery.default\">\n\t\t\t\t<div class=\"elementor-widget-container\">\n\t\t\t<style>\/*! elementor - v3.15.0 - 09-08-2023 *\/\n.elementor-image-gallery .gallery-item{display:inline-block;text-align:center;vertical-align:top;width:100%;max-width:100%;margin:0 auto}.elementor-image-gallery .gallery-item img{margin:0 auto}.elementor-image-gallery .gallery-item .gallery-caption{margin:0}.elementor-image-gallery figure img{display:block}.elementor-image-gallery figure figcaption{width:100%}.gallery-spacing-custom .elementor-image-gallery .gallery-icon{padding:0}@media (min-width:768px){.elementor-image-gallery .gallery-columns-2 .gallery-item{max-width:50%}.elementor-image-gallery .gallery-columns-3 .gallery-item{max-width:33.33%}.elementor-image-gallery .gallery-columns-4 .gallery-item{max-width:25%}.elementor-image-gallery .gallery-columns-5 .gallery-item{max-width:20%}.elementor-image-gallery .gallery-columns-6 .gallery-item{max-width:16.666%}.elementor-image-gallery .gallery-columns-7 .gallery-item{max-width:14.28%}.elementor-image-gallery .gallery-columns-8 .gallery-item{max-width:12.5%}.elementor-image-gallery .gallery-columns-9 .gallery-item{max-width:11.11%}.elementor-image-gallery .gallery-columns-10 .gallery-item{max-width:10%}}@media (min-width:480px) and (max-width:767px){.elementor-image-gallery .gallery.gallery-columns-2 .gallery-item,.elementor-image-gallery .gallery.gallery-columns-3 .gallery-item,.elementor-image-gallery .gallery.gallery-columns-4 .gallery-item,.elementor-image-gallery .gallery.gallery-columns-5 .gallery-item,.elementor-image-gallery .gallery.gallery-columns-6 .gallery-item,.elementor-image-gallery .gallery.gallery-columns-7 .gallery-item,.elementor-image-gallery .gallery.gallery-columns-8 .gallery-item,.elementor-image-gallery .gallery.gallery-columns-9 .gallery-item,.elementor-image-gallery .gallery.gallery-columns-10 .gallery-item{max-width:50%}}@media (max-width:479px){.elementor-image-gallery .gallery.gallery-columns-2 .gallery-item,.elementor-image-gallery .gallery.gallery-columns-3 .gallery-item,.elementor-image-gallery .gallery.gallery-columns-4 .gallery-item,.elementor-image-gallery .gallery.gallery-columns-5 .gallery-item,.elementor-image-gallery .gallery.gallery-columns-6 .gallery-item,.elementor-image-gallery .gallery.gallery-columns-7 .gallery-item,.elementor-image-gallery .gallery.gallery-columns-8 .gallery-item,.elementor-image-gallery .gallery.gallery-columns-9 .gallery-item,.elementor-image-gallery .gallery.gallery-columns-10 .gallery-item{max-width:100%}}<\/style>\t\t<div class=\"elementor-image-gallery\">\n\t\t\t<div id='gallery-1' class='gallery galleryid-1051 gallery-columns-3 gallery-size-thumbnail'><figure class='gallery-item'>\n\t\t\t<div class='gallery-icon portrait'>\n\t\t\t\t<a data-elementor-open-lightbox=\"no\" href='https:\/\/funanim.be\/wp-content\/uploads\/2023\/08\/baby-gym1.jpg'><img loading=\"lazy\" decoding=\"async\" width=\"150\" height=\"150\" src=\"https:\/\/funanim.be\/wp-content\/uploads\/2023\/08\/baby-gym1-150x150.jpg\" class=\"attachment-thumbnail size-thumbnail\" alt=\"\" srcset=\"https:\/\/funanim.be\/wp-content\/uploads\/2023\/08\/baby-gym1-150x150.jpg 150w, https:\/\/funanim.be\/wp-content\/uploads\/2023\/08\/baby-gym1-600x600.jpg 600w\" sizes=\"auto, (max-width: 150px) 100vw, 150px\" \/><\/a>\n\t\t\t<\/div><\/figure><figure class='gallery-item'>\n\t\t\t<div class='gallery-icon landscape'>\n\t\t\t\t<a data-elementor-open-lightbox=\"no\" href='https:\/\/funanim.be\/wp-content\/uploads\/2023\/08\/baby-gym2.jpg'><img loading=\"lazy\" decoding=\"async\" width=\"150\" height=\"150\" src=\"https:\/\/funanim.be\/wp-content\/uploads\/2023\/08\/baby-gym2-150x150.jpg\" class=\"attachment-thumbnail size-thumbnail\" alt=\"\" srcset=\"https:\/\/funanim.be\/wp-content\/uploads\/2023\/08\/baby-gym2-150x150.jpg 150w, https:\/\/funanim.be\/wp-content\/uploads\/2023\/08\/baby-gym2-600x600.jpg 600w\" sizes=\"auto, (max-width: 150px) 100vw, 150px\" \/><\/a>\n\t\t\t<\/div><\/figure><figure class='gallery-item'>\n\t\t\t<div class='gallery-icon landscape'>\n\t\t\t\t<a data-elementor-open-lightbox=\"no\" href='https:\/\/funanim.be\/wp-content\/uploads\/2023\/08\/baby-gym3.jpg'><img loading=\"lazy\" decoding=\"async\" width=\"150\" height=\"150\" src=\"https:\/\/funanim.be\/wp-content\/uploads\/2023\/08\/baby-gym3-150x150.jpg\" class=\"attachment-thumbnail size-thumbnail\" alt=\"\" srcset=\"https:\/\/funanim.be\/wp-content\/uploads\/2023\/08\/baby-gym3-150x150.jpg 150w, https:\/\/funanim.be\/wp-content\/uploads\/2023\/08\/baby-gym3-600x600.jpg 600w\" sizes=\"auto, (max-width: 150px) 100vw, 150px\" \/><\/a>\n\t\t\t<\/div><\/figure>\n\t\t<\/div>\n\t\t<\/div>\n\t\t\t\t<\/div>\n\t\t\t\t<\/div>\n\t\t\t\t\t<\/div>\n\t\t<\/div>\n\t\t\t\t<div class=\"elementor-column elementor-col-50 elementor-top-column elementor-element elementor-element-1db4d13\" data-id=\"1db4d13\" data-element_type=\"column\">\n\t\t\t<div class=\"elementor-widget-wrap elementor-element-populated\">\n\t\t\t\t\t\t\t\t<div class=\"elementor-element elementor-element-0e04f28 elementor-widget elementor-widget-text-editor\" data-id=\"0e04f28\" data-element_type=\"widget\" data-widget_type=\"text-editor.default\">\n\t\t\t\t<div class=\"elementor-widget-container\">\n\t\t\t<style>\/*! elementor - v3.15.0 - 09-08-2023 *\/\n.elementor-widget-text-editor.elementor-drop-cap-view-stacked .elementor-drop-cap{background-color:#69727d;color:#fff}.elementor-widget-text-editor.elementor-drop-cap-view-framed .elementor-drop-cap{color:#69727d;border:3px solid;background-color:transparent}.elementor-widget-text-editor:not(.elementor-drop-cap-view-default) .elementor-drop-cap{margin-top:8px}.elementor-widget-text-editor:not(.elementor-drop-cap-view-default) .elementor-drop-cap-letter{width:1em;height:1em}.elementor-widget-text-editor .elementor-drop-cap{float:left;text-align:center;line-height:1;font-size:50px}.elementor-widget-text-editor .elementor-drop-cap-letter{display:inline-block}<\/style>\t\t\t\t<h2>Baby-Gym<\/h2><p><em><span style=\"color: #7bbf0f;\"><strong>Pour les enfants de 1 an \u00e0 2 ans et demi<\/strong><\/span> <\/em><\/p><p class=\"MsoNormal\">La s\u00e9ance co\u00fbte <strong><span style=\"color: #7bbf0f;\">8 \u20ac<\/span><\/strong> par enfant.<span style=\"font-size: 14px; color: var( --e-global-color-text );\">\u00a0<\/span><\/p><p class=\"MsoNormal\">\u00c0 partir de <span style=\"text-decoration: underline;\">3 enfants inscrits<\/span> \u00e0 nos s\u00e9ances, le co\u00fbt est de <span style=\"color: #7bbf0f;\"><strong>7 \u20ac <\/strong><\/span>par enfant.<\/p>\t\t\t\t\t\t<\/div>\n\t\t\t\t<\/div>\n\t\t\t\t<div class=\"elementor-element elementor-element-50cf95c elementor-widget elementor-widget-text-editor\" data-id=\"50cf95c\" data-element_type=\"widget\" data-widget_type=\"text-editor.default\">\n\t\t\t\t<div class=\"elementor-widget-container\">\n\t\t\t\t\t\t\t<p>Il s\u2019agit d\u2019une s\u00e9ance o\u00f9 les enfants, <b>accompagn\u00e9s obligatoirement<\/b> d\u2019un parent qui est acteur de la s\u00e9ance, <b>sont libres<\/b> dans les diff\u00e9rents modules et ateliers&nbsp;install\u00e9s dans la salle.<\/p>\n<p><span style=\"color: var( --e-global-color-text ); font-size: 14px;\">Une ma\u00eetre de Psychomotricit\u00e9 est pr\u00e9sente lors de la s\u00e9ance, son r\u00f4le est de<br><\/span><b style=\"font-size: 14px; color: var( --e-global-color-text );\">vous accompagner<\/b><span style=\"font-size: 14px; color: var( --e-global-color-text );\"> et<\/span><b style=\"font-size: 14px; color: var( --e-global-color-text );\"> vous conseiller<\/b><span style=\"font-size: 14px; color: var( --e-global-color-text );\">.<\/span><\/p>\n<p>Elle sera \u00e9galement \u00e0 <b>votre \u00e9coute <\/b>et pourra mettre en place&nbsp;des ateliers <b>\u00e0 besoins sp\u00e9cifiques<\/b>.<\/p>\n<p><span style=\"font-size: 14px; color: var( --e-global-color-text );\">Nous travaillons deux \u00e9l\u00e9ments essentiels&nbsp;:<\/span><\/p>\n<p><b>&#8211; l\u2019\u00e9veil <\/b>et <b>la stimulation<\/b> \u00e0 la motricit\u00e9 fine et globale ;<br><span style=\"font-size: 14px; color: var( --e-global-color-text );\">&#8211; l<b>a socialisation<\/b><\/span><\/p>\t\t\t\t\t\t<\/div>\n\t\t\t\t<\/div>\n\t\t\t\t\t<\/div>\n\t\t<\/div>\n\t\t\t\t\t\t\t<\/div>\n\t\t<\/section>\n\t\t\t\t<section class=\"elementor-section elementor-top-section elementor-element elementor-element-5872393 elementor-section-boxed elementor-section-height-default elementor-section-height-default\" data-id=\"5872393\" data-element_type=\"section\">\n\t\t\t\t\t\t<div class=\"elementor-container elementor-column-gap-default\">\n\t\t\t\t\t<div class=\"elementor-column elementor-col-100 elementor-top-column elementor-element elementor-element-f1c2a57\" data-id=\"f1c2a57\" data-element_type=\"column\">\n\t\t\t<div class=\"elementor-widget-wrap elementor-element-populated\">\n\t\t\t\t\t\t\t\t<div class=\"elementor-element elementor-element-b1b2867 elementor-widget elementor-widget-text-editor\" data-id=\"b1b2867\" data-element_type=\"widget\" data-widget_type=\"text-editor.default\">\n\t\t\t\t<div class=\"elementor-widget-container\">\n\t\t\t\t\t\t\t<p><span style=\"text-decoration: underline;\">La s\u00e9ance de Baby-Gym a lieu<\/span> :<\/p><p>\u00a0<b>Chaque samedi de 10h \u00e0 11h<\/b><br \/>Boulevard de l&rsquo;Europe, dans le sentier en gravier \u00e0 droite du n\u00b0 35-39, 5060, Auvelais, Sambreville<\/p>\t\t\t\t\t\t<\/div>\n\t\t\t\t<\/div>\n\t\t\t\t\t<\/div>\n\t\t<\/div>\n\t\t\t\t\t\t\t<\/div>\n\t\t<\/section>\n\t\t\t\t\t\t\t<\/div>\n\t\t","protected":false},"excerpt":{"rendered":"<p>Baby-Gym Pour les enfants de 1 an \u00e0 2 ans et demi La s\u00e9ance co\u00fbte 8 \u20ac par enfant.\u00a0 \u00c0 partir de 3 enfants inscrits \u00e0 nos s\u00e9ances, le co\u00fbt est de 7 \u20ac par enfant. Il s\u2019agit d\u2019une s\u00e9ance o\u00f9 les enfants, accompagn\u00e9s obligatoirement d\u2019un parent qui est acteur de la s\u00e9ance, sont libres [&hellip;]<\/p>\n","protected":false},"author":2,"featured_media":0,"parent":0,"menu_order":0,"comment_status":"closed","ping_status":"closed","template":"","meta":{"footnotes":""},"class_list":["post-1051","page","type-page","status-publish","hentry","entry"],"yoast_head":"<!-- This site is optimized with the Yoast SEO plugin v20.13 - https:\/\/yoast.com\/wordpress\/plugins\/seo\/ -->\n<title>Baby-Gym - FunAnim<\/title>\n<meta name=\"robots\" content=\"index, follow, max-snippet:-1, max-image-preview:large, max-video-preview:-1\" \/>\n<link rel=\"canonical\" href=\"https:\/\/funanim.be\/index.php\/baby-gym\/\" \/>\n<meta property=\"og:locale\" content=\"fr_FR\" \/>\n<meta property=\"og:type\" content=\"article\" \/>\n<meta property=\"og:title\" content=\"Baby-Gym - FunAnim\" \/>\n<meta property=\"og:description\" content=\"Baby-Gym Pour les enfants de 1 an \u00e0 2 ans et demi La s\u00e9ance co\u00fbte 8 \u20ac par enfant.\u00a0 \u00c0 partir de 3 enfants inscrits \u00e0 nos s\u00e9ances, le co\u00fbt est de 7 \u20ac par enfant. Il s\u2019agit d\u2019une s\u00e9ance o\u00f9 les enfants, accompagn\u00e9s obligatoirement d\u2019un parent qui est acteur de la s\u00e9ance, sont libres [&hellip;]\" \/>\n<meta property=\"og:url\" content=\"https:\/\/funanim.be\/index.php\/baby-gym\/\" \/>\n<meta property=\"og:site_name\" content=\"FunAnim\" \/>\n<meta property=\"article:modified_time\" content=\"2025-08-16T13:48:05+00:00\" \/>\n<meta property=\"og:image\" content=\"http:\/\/funanim.be\/wp-content\/uploads\/2023\/08\/baby-gym.jpg\" \/>\n<meta name=\"twitter:card\" content=\"summary_large_image\" \/>\n<meta name=\"twitter:label1\" content=\"Dur\u00e9e de lecture estim\u00e9e\" \/>\n\t<meta name=\"twitter:data1\" content=\"2 minutes\" \/>\n<script type=\"application\/ld+json\" class=\"yoast-schema-graph\">{\"@context\":\"https:\/\/schema.org\",\"@graph\":[{\"@type\":\"WebPage\",\"@id\":\"https:\/\/funanim.be\/index.php\/baby-gym\/\",\"url\":\"https:\/\/funanim.be\/index.php\/baby-gym\/\",\"name\":\"Baby-Gym - FunAnim\",\"isPartOf\":{\"@id\":\"https:\/\/funanim.be\/#website\"},\"datePublished\":\"2023-08-21T12:46:41+00:00\",\"dateModified\":\"2025-08-16T13:48:05+00:00\",\"breadcrumb\":{\"@id\":\"https:\/\/funanim.be\/index.php\/baby-gym\/#breadcrumb\"},\"inLanguage\":\"fr-FR\",\"potentialAction\":[{\"@type\":\"ReadAction\",\"target\":[\"https:\/\/funanim.be\/index.php\/baby-gym\/\"]}]},{\"@type\":\"BreadcrumbList\",\"@id\":\"https:\/\/funanim.be\/index.php\/baby-gym\/#breadcrumb\",\"itemListElement\":[{\"@type\":\"ListItem\",\"position\":1,\"name\":\"Accueil\",\"item\":\"https:\/\/funanim.be\/\"},{\"@type\":\"ListItem\",\"position\":2,\"name\":\"Baby-Gym\"}]},{\"@type\":\"WebSite\",\"@id\":\"https:\/\/funanim.be\/#website\",\"url\":\"https:\/\/funanim.be\/\",\"name\":\"FunAnim\",\"description\":\"Locations et animations pour tout \u00e9v\u00e9nement\",\"publisher\":{\"@id\":\"https:\/\/funanim.be\/#organization\"},\"potentialAction\":[{\"@type\":\"SearchAction\",\"target\":{\"@type\":\"EntryPoint\",\"urlTemplate\":\"https:\/\/funanim.be\/?s={search_term_string}\"},\"query-input\":\"required name=search_term_string\"}],\"inLanguage\":\"fr-FR\"},{\"@type\":\"Organization\",\"@id\":\"https:\/\/funanim.be\/#organization\",\"name\":\"FunAnim\",\"url\":\"https:\/\/funanim.be\/\",\"logo\":{\"@type\":\"ImageObject\",\"inLanguage\":\"fr-FR\",\"@id\":\"https:\/\/funanim.be\/#\/schema\/logo\/image\/\",\"url\":\"https:\/\/funanim.be\/wp-content\/uploads\/2023\/08\/cropped-logo_funanim.jpg\",\"contentUrl\":\"https:\/\/funanim.be\/wp-content\/uploads\/2023\/08\/cropped-logo_funanim.jpg\",\"width\":1030,\"height\":489,\"caption\":\"FunAnim\"},\"image\":{\"@id\":\"https:\/\/funanim.be\/#\/schema\/logo\/image\/\"}}]}<\/script>\n<!-- \/ Yoast SEO plugin. -->","yoast_head_json":{"title":"Baby-Gym - FunAnim","robots":{"index":"index","follow":"follow","max-snippet":"max-snippet:-1","max-image-preview":"max-image-preview:large","max-video-preview":"max-video-preview:-1"},"canonical":"https:\/\/funanim.be\/index.php\/baby-gym\/","og_locale":"fr_FR","og_type":"article","og_title":"Baby-Gym - FunAnim","og_description":"Baby-Gym Pour les enfants de 1 an \u00e0 2 ans et demi La s\u00e9ance co\u00fbte 8 \u20ac par enfant.\u00a0 \u00c0 partir de 3 enfants inscrits \u00e0 nos s\u00e9ances, le co\u00fbt est de 7 \u20ac par enfant. Il s\u2019agit d\u2019une s\u00e9ance o\u00f9 les enfants, accompagn\u00e9s obligatoirement d\u2019un parent qui est acteur de la s\u00e9ance, sont libres [&hellip;]","og_url":"https:\/\/funanim.be\/index.php\/baby-gym\/","og_site_name":"FunAnim","article_modified_time":"2025-08-16T13:48:05+00:00","og_image":[{"url":"http:\/\/funanim.be\/wp-content\/uploads\/2023\/08\/baby-gym.jpg"}],"twitter_card":"summary_large_image","twitter_misc":{"Dur\u00e9e de lecture estim\u00e9e":"2 minutes"},"schema":{"@context":"https:\/\/schema.org","@graph":[{"@type":"WebPage","@id":"https:\/\/funanim.be\/index.php\/baby-gym\/","url":"https:\/\/funanim.be\/index.php\/baby-gym\/","name":"Baby-Gym - FunAnim","isPartOf":{"@id":"https:\/\/funanim.be\/#website"},"datePublished":"2023-08-21T12:46:41+00:00","dateModified":"2025-08-16T13:48:05+00:00","breadcrumb":{"@id":"https:\/\/funanim.be\/index.php\/baby-gym\/#breadcrumb"},"inLanguage":"fr-FR","potentialAction":[{"@type":"ReadAction","target":["https:\/\/funanim.be\/index.php\/baby-gym\/"]}]},{"@type":"BreadcrumbList","@id":"https:\/\/funanim.be\/index.php\/baby-gym\/#breadcrumb","itemListElement":[{"@type":"ListItem","position":1,"name":"Accueil","item":"https:\/\/funanim.be\/"},{"@type":"ListItem","position":2,"name":"Baby-Gym"}]},{"@type":"WebSite","@id":"https:\/\/funanim.be\/#website","url":"https:\/\/funanim.be\/","name":"FunAnim","description":"Locations et animations pour tout \u00e9v\u00e9nement","publisher":{"@id":"https:\/\/funanim.be\/#organization"},"potentialAction":[{"@type":"SearchAction","target":{"@type":"EntryPoint","urlTemplate":"https:\/\/funanim.be\/?s={search_term_string}"},"query-input":"required name=search_term_string"}],"inLanguage":"fr-FR"},{"@type":"Organization","@id":"https:\/\/funanim.be\/#organization","name":"FunAnim","url":"https:\/\/funanim.be\/","logo":{"@type":"ImageObject","inLanguage":"fr-FR","@id":"https:\/\/funanim.be\/#\/schema\/logo\/image\/","url":"https:\/\/funanim.be\/wp-content\/uploads\/2023\/08\/cropped-logo_funanim.jpg","contentUrl":"https:\/\/funanim.be\/wp-content\/uploads\/2023\/08\/cropped-logo_funanim.jpg","width":1030,"height":489,"caption":"FunAnim"},"image":{"@id":"https:\/\/funanim.be\/#\/schema\/logo\/image\/"}}]}},"_links":{"self":[{"href":"https:\/\/funanim.be\/index.php\/wp-json\/wp\/v2\/pages\/1051","targetHints":{"allow":["GET"]}}],"collection":[{"href":"https:\/\/funanim.be\/index.php\/wp-json\/wp\/v2\/pages"}],"about":[{"href":"https:\/\/funanim.be\/index.php\/wp-json\/wp\/v2\/types\/page"}],"author":[{"embeddable":true,"href":"https:\/\/funanim.be\/index.php\/wp-json\/wp\/v2\/users\/2"}],"replies":[{"embeddable":true,"href":"https:\/\/funanim.be\/index.php\/wp-json\/wp\/v2\/comments?post=1051"}],"version-history":[{"count":46,"href":"https:\/\/funanim.be\/index.php\/wp-json\/wp\/v2\/pages\/1051\/revisions"}],"predecessor-version":[{"id":2356,"href":"https:\/\/funanim.be\/index.php\/wp-json\/wp\/v2\/pages\/1051\/revisions\/2356"}],"wp:attachment":[{"href":"https:\/\/funanim.be\/index.php\/wp-json\/wp\/v2\/media?parent=1051"}],"curies":[{"name":"wp","href":"https:\/\/api.w.org\/{rel}","templated":true}]}}