{"id":1191,"date":"2023-08-21T21:46:32","date_gmt":"2023-08-21T19:46:32","guid":{"rendered":"https:\/\/funanim.be\/?page_id=1191"},"modified":"2026-01-30T21:56:14","modified_gmt":"2026-01-30T20:56:14","slug":"table-mange-debout","status":"publish","type":"page","link":"https:\/\/funanim.be\/index.php\/table-mange-debout\/","title":{"rendered":"Table mange debout"},"content":{"rendered":"\t\t<div data-elementor-type=\"wp-page\" data-elementor-id=\"1191\" class=\"elementor elementor-1191\">\n\t\t\t\t\t\t\t\t\t<section class=\"elementor-section elementor-top-section elementor-element elementor-element-b1bd529 elementor-section-boxed elementor-section-height-default elementor-section-height-default\" data-id=\"b1bd529\" data-element_type=\"section\">\n\t\t\t\t\t\t<div class=\"elementor-container elementor-column-gap-default\">\n\t\t\t\t\t<div class=\"elementor-column elementor-col-50 elementor-top-column elementor-element elementor-element-552338f\" data-id=\"552338f\" data-element_type=\"column\">\n\t\t\t<div class=\"elementor-widget-wrap elementor-element-populated\">\n\t\t\t\t\t\t\t\t<div class=\"elementor-element elementor-element-1b4a4df elementor-widget elementor-widget-image\" data-id=\"1b4a4df\" data-element_type=\"widget\" data-widget_type=\"image.default\">\n\t\t\t\t<div class=\"elementor-widget-container\">\n\t\t\t<style>\/*! elementor - v3.15.0 - 09-08-2023 *\/\n.elementor-widget-image{text-align:center}.elementor-widget-image a{display:inline-block}.elementor-widget-image a img[src$=\".svg\"]{width:48px}.elementor-widget-image img{vertical-align:middle;display:inline-block}<\/style>\t\t\t\t\t\t\t\t\t\t\t\t<img loading=\"lazy\" decoding=\"async\" width=\"1024\" height=\"1024\" src=\"https:\/\/funanim.be\/wp-content\/uploads\/2024\/12\/mange-debout4-1024x1024.jpg\" class=\"attachment-large size-large wp-image-2050\" alt=\"\" srcset=\"https:\/\/funanim.be\/wp-content\/uploads\/2024\/12\/mange-debout4-1024x1024.jpg 1024w, https:\/\/funanim.be\/wp-content\/uploads\/2024\/12\/mange-debout4-300x300.jpg 300w, https:\/\/funanim.be\/wp-content\/uploads\/2024\/12\/mange-debout4-150x150.jpg 150w, https:\/\/funanim.be\/wp-content\/uploads\/2024\/12\/mange-debout4-768x768.jpg 768w, https:\/\/funanim.be\/wp-content\/uploads\/2024\/12\/mange-debout4-1536x1536.jpg 1536w, https:\/\/funanim.be\/wp-content\/uploads\/2024\/12\/mange-debout4-600x600.jpg 600w, https:\/\/funanim.be\/wp-content\/uploads\/2024\/12\/mange-debout4.jpg 1600w\" sizes=\"auto, (max-width: 1024px) 100vw, 1024px\" \/>\t\t\t\t\t\t\t\t\t\t\t\t\t\t\t<\/div>\n\t\t\t\t<\/div>\n\t\t\t\t<div class=\"elementor-element elementor-element-c39d611 gallery-spacing-custom elementor-widget elementor-widget-image-gallery\" data-id=\"c39d611\" data-element_type=\"widget\" data-widget_type=\"image-gallery.default\">\n\t\t\t\t<div class=\"elementor-widget-container\">\n\t\t\t<style>\/*! elementor - v3.15.0 - 09-08-2023 *\/\n.elementor-image-gallery .gallery-item{display:inline-block;text-align:center;vertical-align:top;width:100%;max-width:100%;margin:0 auto}.elementor-image-gallery .gallery-item img{margin:0 auto}.elementor-image-gallery .gallery-item .gallery-caption{margin:0}.elementor-image-gallery figure img{display:block}.elementor-image-gallery figure figcaption{width:100%}.gallery-spacing-custom .elementor-image-gallery .gallery-icon{padding:0}@media (min-width:768px){.elementor-image-gallery .gallery-columns-2 .gallery-item{max-width:50%}.elementor-image-gallery .gallery-columns-3 .gallery-item{max-width:33.33%}.elementor-image-gallery .gallery-columns-4 .gallery-item{max-width:25%}.elementor-image-gallery .gallery-columns-5 .gallery-item{max-width:20%}.elementor-image-gallery .gallery-columns-6 .gallery-item{max-width:16.666%}.elementor-image-gallery .gallery-columns-7 .gallery-item{max-width:14.28%}.elementor-image-gallery .gallery-columns-8 .gallery-item{max-width:12.5%}.elementor-image-gallery .gallery-columns-9 .gallery-item{max-width:11.11%}.elementor-image-gallery .gallery-columns-10 .gallery-item{max-width:10%}}@media (min-width:480px) and (max-width:767px){.elementor-image-gallery .gallery.gallery-columns-2 .gallery-item,.elementor-image-gallery .gallery.gallery-columns-3 .gallery-item,.elementor-image-gallery .gallery.gallery-columns-4 .gallery-item,.elementor-image-gallery .gallery.gallery-columns-5 .gallery-item,.elementor-image-gallery .gallery.gallery-columns-6 .gallery-item,.elementor-image-gallery .gallery.gallery-columns-7 .gallery-item,.elementor-image-gallery .gallery.gallery-columns-8 .gallery-item,.elementor-image-gallery .gallery.gallery-columns-9 .gallery-item,.elementor-image-gallery .gallery.gallery-columns-10 .gallery-item{max-width:50%}}@media (max-width:479px){.elementor-image-gallery .gallery.gallery-columns-2 .gallery-item,.elementor-image-gallery .gallery.gallery-columns-3 .gallery-item,.elementor-image-gallery .gallery.gallery-columns-4 .gallery-item,.elementor-image-gallery .gallery.gallery-columns-5 .gallery-item,.elementor-image-gallery .gallery.gallery-columns-6 .gallery-item,.elementor-image-gallery .gallery.gallery-columns-7 .gallery-item,.elementor-image-gallery .gallery.gallery-columns-8 .gallery-item,.elementor-image-gallery .gallery.gallery-columns-9 .gallery-item,.elementor-image-gallery .gallery.gallery-columns-10 .gallery-item{max-width:100%}}<\/style>\t\t<div class=\"elementor-image-gallery\">\n\t\t\t<div id='gallery-1' class='gallery galleryid-1191 gallery-columns-3 gallery-size-thumbnail'><figure class='gallery-item'>\n\t\t\t<div class='gallery-icon landscape'>\n\t\t\t\t<a data-elementor-open-lightbox=\"no\" href='https:\/\/funanim.be\/wp-content\/uploads\/2024\/12\/mange-debout4.jpg'><img loading=\"lazy\" decoding=\"async\" width=\"150\" height=\"150\" src=\"https:\/\/funanim.be\/wp-content\/uploads\/2024\/12\/mange-debout4-150x150.jpg\" class=\"attachment-thumbnail size-thumbnail\" alt=\"\" srcset=\"https:\/\/funanim.be\/wp-content\/uploads\/2024\/12\/mange-debout4-150x150.jpg 150w, https:\/\/funanim.be\/wp-content\/uploads\/2024\/12\/mange-debout4-300x300.jpg 300w, https:\/\/funanim.be\/wp-content\/uploads\/2024\/12\/mange-debout4-1024x1024.jpg 1024w, https:\/\/funanim.be\/wp-content\/uploads\/2024\/12\/mange-debout4-768x768.jpg 768w, https:\/\/funanim.be\/wp-content\/uploads\/2024\/12\/mange-debout4-1536x1536.jpg 1536w, https:\/\/funanim.be\/wp-content\/uploads\/2024\/12\/mange-debout4-600x600.jpg 600w, https:\/\/funanim.be\/wp-content\/uploads\/2024\/12\/mange-debout4.jpg 1600w\" sizes=\"auto, (max-width: 150px) 100vw, 150px\" \/><\/a>\n\t\t\t<\/div><\/figure>\n\t\t<\/div>\n\t\t<\/div>\n\t\t\t\t<\/div>\n\t\t\t\t<\/div>\n\t\t\t\t<div class=\"elementor-element elementor-element-030d25b elementor-widget elementor-widget-text-editor\" data-id=\"030d25b\" data-element_type=\"widget\" data-widget_type=\"text-editor.default\">\n\t\t\t\t<div class=\"elementor-widget-container\">\n\t\t\t<style>\/*! elementor - v3.15.0 - 09-08-2023 *\/\n.elementor-widget-text-editor.elementor-drop-cap-view-stacked .elementor-drop-cap{background-color:#69727d;color:#fff}.elementor-widget-text-editor.elementor-drop-cap-view-framed .elementor-drop-cap{color:#69727d;border:3px solid;background-color:transparent}.elementor-widget-text-editor:not(.elementor-drop-cap-view-default) .elementor-drop-cap{margin-top:8px}.elementor-widget-text-editor:not(.elementor-drop-cap-view-default) .elementor-drop-cap-letter{width:1em;height:1em}.elementor-widget-text-editor .elementor-drop-cap{float:left;text-align:center;line-height:1;font-size:50px}.elementor-widget-text-editor .elementor-drop-cap-letter{display:inline-block}<\/style>\t\t\t\t<table class=\"aligncenter\" style=\"border-collapse: collapse; width: 100%;\" border=\"2\"><tbody><tr><td style=\"width: 50%; text-align: center;\"><p><span style=\"color: #212529; font-family: Montserrat, sans-serif; font-size: 14px; font-style: normal; font-variant-ligatures: normal; font-variant-caps: normal; font-weight: bold; text-align: -webkit-center;\">Dimensions<br \/><strong>(D x H)<\/strong><\/span><\/p><\/td><td style=\"width: 50%; text-align: center;\"><p><b style=\"font-size: 14px; font-style: normal; font-variant-ligatures: normal; font-variant-caps: normal; color: #212529; font-family: Montserrat, sans-serif;\"><br \/>80 cm x 110m<\/b><\/p><\/td><\/tr><\/tbody><\/table>\t\t\t\t\t\t<\/div>\n\t\t\t\t<\/div>\n\t\t\t\t\t<\/div>\n\t\t<\/div>\n\t\t\t\t<div class=\"elementor-column elementor-col-50 elementor-top-column elementor-element elementor-element-a506b2c\" data-id=\"a506b2c\" data-element_type=\"column\">\n\t\t\t<div class=\"elementor-widget-wrap elementor-element-populated\">\n\t\t\t\t\t\t\t\t<div class=\"elementor-element elementor-element-b17413e elementor-widget elementor-widget-text-editor\" data-id=\"b17413e\" data-element_type=\"widget\" data-widget_type=\"text-editor.default\">\n\t\t\t\t<div class=\"elementor-widget-container\">\n\t\t\t\t\t\t\t<h2>Table Mange debout<\/h2><p><em style=\"font-size: 14px; color: var( --e-global-color-text );\">Prix <u>sans livraison<br \/><\/u><\/em><em style=\"font-size: 14px; color: var( --e-global-color-text );\">La table : <span style=\"color: #7bbf0f;\"><strong>8 \u20ac<\/strong> <\/span>la journ\u00e9e et <\/em><em style=\"font-size: 14px; color: var( --e-global-color-text );\"><span style=\"color: #7bbf0f;\"><strong>4 \u20ac<\/strong> <\/span>par jour suppl\u00e9mentaire<br \/><\/em><\/p><p><span style=\"font-variant-ligatures: normal; font-variant-caps: normal; font-family: Roboto, sans-serif; font-size: 14px; font-style: normal; font-weight: 600;\">Pour la livraison\u00a0<\/span><span style=\"font-variant-ligatures: normal; font-variant-caps: normal; font-family: Roboto, sans-serif; font-size: 14px; font-style: normal; font-weight: 600; color: var( --e-global-color-text );\">:<\/span><em style=\"font-variant-ligatures: normal; font-variant-caps: normal; font-family: Roboto, sans-serif; font-size: 14px; font-weight: 400; color: var( --e-global-color-text );\">\u00a0<\/em><em style=\"font-variant-ligatures: normal; font-variant-caps: normal; font-family: Roboto, sans-serif; font-size: 14px; font-weight: 400; color: var( --e-global-color-text );\"><span style=\"font-size: 14px; color: #7bbf0f;\"><span style=\"font-size: 14px; font-weight: 600;\">10 \u20ac<\/span><\/span><\/em><span style=\"font-variant-ligatures: normal; font-variant-caps: normal; font-family: Roboto, sans-serif; font-size: 14px; font-style: normal; font-weight: 600; color: var( --e-global-color-text );\">\u00a0dans un rayon de 25 km autour d&rsquo;Aiseau-presles<\/span><span style=\"font-family: Roboto, sans-serif; font-size: 14px; font-style: normal; font-variant-ligatures: normal; font-variant-caps: normal; color: var( --e-global-color-text ); font-weight: 600;\">,\u00a0<\/span><span style=\"font-family: Roboto, sans-serif; font-size: 14px; font-style: normal; font-variant-ligatures: normal; font-variant-caps: normal; font-weight: 400; color: var( --e-global-color-text );\">au-del\u00e0 un suppl\u00e9ment sera demand\u00e9.<\/span><\/p>\t\t\t\t\t\t<\/div>\n\t\t\t\t<\/div>\n\t\t\t\t<div class=\"elementor-element elementor-element-d609198 elementor-widget elementor-widget-text-editor\" data-id=\"d609198\" data-element_type=\"widget\" data-widget_type=\"text-editor.default\">\n\t\t\t\t<div class=\"elementor-widget-container\">\n\t\t\t\t\t\t\t<h2><strong style=\"font-size: 14px; color: var( --e-global-color-text );\"><img loading=\"lazy\" decoding=\"async\" class=\"wp-image-766 aligncenter\" src=\"http:\/\/funanim.be\/wp-content\/uploads\/2023\/08\/50_pourcents-300x200.png\" alt=\"\" width=\"102\" height=\"68\" srcset=\"https:\/\/funanim.be\/wp-content\/uploads\/2023\/08\/50_pourcents-300x200.png 300w, https:\/\/funanim.be\/wp-content\/uploads\/2023\/08\/50_pourcents.png 600w\" sizes=\"auto, (max-width: 102px) 100vw, 102px\" \/><\/strong><\/h2><p>d\u00e9s le <b>deuxi\u00e8me <\/b>jour de location et sur <b>chaque <\/b>jour suppl\u00e9mentaire,<br \/>sur <b>toutes <\/b>nos locations.<\/p>\t\t\t\t\t\t<\/div>\n\t\t\t\t<\/div>\n\t\t\t\t\t<\/div>\n\t\t<\/div>\n\t\t\t\t\t\t\t<\/div>\n\t\t<\/section>\n\t\t\t\t\t\t\t<\/div>\n\t\t","protected":false},"excerpt":{"rendered":"<p>Dimensions(D x H) 80 cm x 110m Table Mange debout Prix sans livraisonLa table : 8 \u20ac la journ\u00e9e et 4 \u20ac par jour suppl\u00e9mentaire Pour la livraison\u00a0:\u00a010 \u20ac\u00a0dans un rayon de 25 km autour d&rsquo;Aiseau-presles,\u00a0au-del\u00e0 un suppl\u00e9ment sera demand\u00e9. d\u00e9s le deuxi\u00e8me jour de location et sur chaque jour suppl\u00e9mentaire,sur toutes nos locations.<\/p>\n","protected":false},"author":2,"featured_media":0,"parent":0,"menu_order":0,"comment_status":"closed","ping_status":"closed","template":"","meta":{"footnotes":""},"class_list":["post-1191","page","type-page","status-publish","hentry","entry"],"yoast_head":"<!-- This site is optimized with the Yoast SEO plugin v20.13 - https:\/\/yoast.com\/wordpress\/plugins\/seo\/ -->\n<title>Table mange debout - FunAnim<\/title>\n<meta name=\"robots\" content=\"index, follow, max-snippet:-1, max-image-preview:large, max-video-preview:-1\" \/>\n<link rel=\"canonical\" href=\"https:\/\/funanim.be\/index.php\/table-mange-debout\/\" \/>\n<meta property=\"og:locale\" content=\"fr_FR\" \/>\n<meta property=\"og:type\" content=\"article\" \/>\n<meta property=\"og:title\" content=\"Table mange debout - FunAnim\" \/>\n<meta property=\"og:description\" content=\"Dimensions(D x H) 80 cm x 110m Table Mange debout Prix sans livraisonLa table : 8 \u20ac la journ\u00e9e et 4 \u20ac par jour suppl\u00e9mentaire Pour la livraison\u00a0:\u00a010 \u20ac\u00a0dans un rayon de 25 km autour d&rsquo;Aiseau-presles,\u00a0au-del\u00e0 un suppl\u00e9ment sera demand\u00e9. d\u00e9s le deuxi\u00e8me jour de location et sur chaque jour suppl\u00e9mentaire,sur toutes nos locations.\" \/>\n<meta property=\"og:url\" content=\"https:\/\/funanim.be\/index.php\/table-mange-debout\/\" \/>\n<meta property=\"og:site_name\" content=\"FunAnim\" \/>\n<meta property=\"article:modified_time\" content=\"2026-01-30T20:56:14+00:00\" \/>\n<meta property=\"og:image\" content=\"http:\/\/funanim.be\/wp-content\/uploads\/2024\/12\/mange-debout4-1024x1024.jpg\" \/>\n<meta name=\"twitter:card\" content=\"summary_large_image\" \/>\n<meta name=\"twitter:label1\" content=\"Dur\u00e9e de lecture estim\u00e9e\" \/>\n\t<meta name=\"twitter:data1\" content=\"1 minute\" \/>\n<script type=\"application\/ld+json\" class=\"yoast-schema-graph\">{\"@context\":\"https:\/\/schema.org\",\"@graph\":[{\"@type\":\"WebPage\",\"@id\":\"https:\/\/funanim.be\/index.php\/table-mange-debout\/\",\"url\":\"https:\/\/funanim.be\/index.php\/table-mange-debout\/\",\"name\":\"Table mange debout - FunAnim\",\"isPartOf\":{\"@id\":\"https:\/\/funanim.be\/#website\"},\"datePublished\":\"2023-08-21T19:46:32+00:00\",\"dateModified\":\"2026-01-30T20:56:14+00:00\",\"breadcrumb\":{\"@id\":\"https:\/\/funanim.be\/index.php\/table-mange-debout\/#breadcrumb\"},\"inLanguage\":\"fr-FR\",\"potentialAction\":[{\"@type\":\"ReadAction\",\"target\":[\"https:\/\/funanim.be\/index.php\/table-mange-debout\/\"]}]},{\"@type\":\"BreadcrumbList\",\"@id\":\"https:\/\/funanim.be\/index.php\/table-mange-debout\/#breadcrumb\",\"itemListElement\":[{\"@type\":\"ListItem\",\"position\":1,\"name\":\"Accueil\",\"item\":\"https:\/\/funanim.be\/\"},{\"@type\":\"ListItem\",\"position\":2,\"name\":\"Table mange debout\"}]},{\"@type\":\"WebSite\",\"@id\":\"https:\/\/funanim.be\/#website\",\"url\":\"https:\/\/funanim.be\/\",\"name\":\"FunAnim\",\"description\":\"Locations et animations pour tout \u00e9v\u00e9nement\",\"publisher\":{\"@id\":\"https:\/\/funanim.be\/#organization\"},\"potentialAction\":[{\"@type\":\"SearchAction\",\"target\":{\"@type\":\"EntryPoint\",\"urlTemplate\":\"https:\/\/funanim.be\/?s={search_term_string}\"},\"query-input\":\"required name=search_term_string\"}],\"inLanguage\":\"fr-FR\"},{\"@type\":\"Organization\",\"@id\":\"https:\/\/funanim.be\/#organization\",\"name\":\"FunAnim\",\"url\":\"https:\/\/funanim.be\/\",\"logo\":{\"@type\":\"ImageObject\",\"inLanguage\":\"fr-FR\",\"@id\":\"https:\/\/funanim.be\/#\/schema\/logo\/image\/\",\"url\":\"https:\/\/funanim.be\/wp-content\/uploads\/2023\/08\/cropped-logo_funanim.jpg\",\"contentUrl\":\"https:\/\/funanim.be\/wp-content\/uploads\/2023\/08\/cropped-logo_funanim.jpg\",\"width\":1030,\"height\":489,\"caption\":\"FunAnim\"},\"image\":{\"@id\":\"https:\/\/funanim.be\/#\/schema\/logo\/image\/\"}}]}<\/script>\n<!-- \/ Yoast SEO plugin. -->","yoast_head_json":{"title":"Table mange debout - FunAnim","robots":{"index":"index","follow":"follow","max-snippet":"max-snippet:-1","max-image-preview":"max-image-preview:large","max-video-preview":"max-video-preview:-1"},"canonical":"https:\/\/funanim.be\/index.php\/table-mange-debout\/","og_locale":"fr_FR","og_type":"article","og_title":"Table mange debout - FunAnim","og_description":"Dimensions(D x H) 80 cm x 110m Table Mange debout Prix sans livraisonLa table : 8 \u20ac la journ\u00e9e et 4 \u20ac par jour suppl\u00e9mentaire Pour la livraison\u00a0:\u00a010 \u20ac\u00a0dans un rayon de 25 km autour d&rsquo;Aiseau-presles,\u00a0au-del\u00e0 un suppl\u00e9ment sera demand\u00e9. d\u00e9s le deuxi\u00e8me jour de location et sur chaque jour suppl\u00e9mentaire,sur toutes nos locations.","og_url":"https:\/\/funanim.be\/index.php\/table-mange-debout\/","og_site_name":"FunAnim","article_modified_time":"2026-01-30T20:56:14+00:00","og_image":[{"url":"http:\/\/funanim.be\/wp-content\/uploads\/2024\/12\/mange-debout4-1024x1024.jpg"}],"twitter_card":"summary_large_image","twitter_misc":{"Dur\u00e9e de lecture estim\u00e9e":"1 minute"},"schema":{"@context":"https:\/\/schema.org","@graph":[{"@type":"WebPage","@id":"https:\/\/funanim.be\/index.php\/table-mange-debout\/","url":"https:\/\/funanim.be\/index.php\/table-mange-debout\/","name":"Table mange debout - FunAnim","isPartOf":{"@id":"https:\/\/funanim.be\/#website"},"datePublished":"2023-08-21T19:46:32+00:00","dateModified":"2026-01-30T20:56:14+00:00","breadcrumb":{"@id":"https:\/\/funanim.be\/index.php\/table-mange-debout\/#breadcrumb"},"inLanguage":"fr-FR","potentialAction":[{"@type":"ReadAction","target":["https:\/\/funanim.be\/index.php\/table-mange-debout\/"]}]},{"@type":"BreadcrumbList","@id":"https:\/\/funanim.be\/index.php\/table-mange-debout\/#breadcrumb","itemListElement":[{"@type":"ListItem","position":1,"name":"Accueil","item":"https:\/\/funanim.be\/"},{"@type":"ListItem","position":2,"name":"Table mange debout"}]},{"@type":"WebSite","@id":"https:\/\/funanim.be\/#website","url":"https:\/\/funanim.be\/","name":"FunAnim","description":"Locations et animations pour tout \u00e9v\u00e9nement","publisher":{"@id":"https:\/\/funanim.be\/#organization"},"potentialAction":[{"@type":"SearchAction","target":{"@type":"EntryPoint","urlTemplate":"https:\/\/funanim.be\/?s={search_term_string}"},"query-input":"required name=search_term_string"}],"inLanguage":"fr-FR"},{"@type":"Organization","@id":"https:\/\/funanim.be\/#organization","name":"FunAnim","url":"https:\/\/funanim.be\/","logo":{"@type":"ImageObject","inLanguage":"fr-FR","@id":"https:\/\/funanim.be\/#\/schema\/logo\/image\/","url":"https:\/\/funanim.be\/wp-content\/uploads\/2023\/08\/cropped-logo_funanim.jpg","contentUrl":"https:\/\/funanim.be\/wp-content\/uploads\/2023\/08\/cropped-logo_funanim.jpg","width":1030,"height":489,"caption":"FunAnim"},"image":{"@id":"https:\/\/funanim.be\/#\/schema\/logo\/image\/"}}]}},"_links":{"self":[{"href":"https:\/\/funanim.be\/index.php\/wp-json\/wp\/v2\/pages\/1191","targetHints":{"allow":["GET"]}}],"collection":[{"href":"https:\/\/funanim.be\/index.php\/wp-json\/wp\/v2\/pages"}],"about":[{"href":"https:\/\/funanim.be\/index.php\/wp-json\/wp\/v2\/types\/page"}],"author":[{"embeddable":true,"href":"https:\/\/funanim.be\/index.php\/wp-json\/wp\/v2\/users\/2"}],"replies":[{"embeddable":true,"href":"https:\/\/funanim.be\/index.php\/wp-json\/wp\/v2\/comments?post=1191"}],"version-history":[{"count":40,"href":"https:\/\/funanim.be\/index.php\/wp-json\/wp\/v2\/pages\/1191\/revisions"}],"predecessor-version":[{"id":2519,"href":"https:\/\/funanim.be\/index.php\/wp-json\/wp\/v2\/pages\/1191\/revisions\/2519"}],"wp:attachment":[{"href":"https:\/\/funanim.be\/index.php\/wp-json\/wp\/v2\/media?parent=1191"}],"curies":[{"name":"wp","href":"https:\/\/api.w.org\/{rel}","templated":true}]}}