{"id":1199,"date":"2023-08-21T21:48:05","date_gmt":"2023-08-21T19:48:05","guid":{"rendered":"https:\/\/funanim.be\/?page_id=1199"},"modified":"2026-01-30T21:51:02","modified_gmt":"2026-01-30T20:51:02","slug":"machine-a-granita","status":"publish","type":"page","link":"https:\/\/funanim.be\/index.php\/machine-a-granita\/","title":{"rendered":"Machine \u00e0 Granita"},"content":{"rendered":"\t\t<div data-elementor-type=\"wp-page\" data-elementor-id=\"1199\" class=\"elementor elementor-1199\">\n\t\t\t\t\t\t\t\t\t<section class=\"elementor-section elementor-top-section elementor-element elementor-element-15cae8d elementor-section-boxed elementor-section-height-default elementor-section-height-default\" data-id=\"15cae8d\" data-element_type=\"section\">\n\t\t\t\t\t\t<div class=\"elementor-container elementor-column-gap-default\">\n\t\t\t\t\t<div class=\"elementor-column elementor-col-50 elementor-top-column elementor-element elementor-element-dbd3f10\" data-id=\"dbd3f10\" data-element_type=\"column\">\n\t\t\t<div class=\"elementor-widget-wrap elementor-element-populated\">\n\t\t\t\t\t\t\t\t<div class=\"elementor-element elementor-element-7e4af96 elementor-widget elementor-widget-image\" data-id=\"7e4af96\" data-element_type=\"widget\" data-widget_type=\"image.default\">\n\t\t\t\t<div class=\"elementor-widget-container\">\n\t\t\t<style>\/*! elementor - v3.15.0 - 09-08-2023 *\/\n.elementor-widget-image{text-align:center}.elementor-widget-image a{display:inline-block}.elementor-widget-image a img[src$=\".svg\"]{width:48px}.elementor-widget-image img{vertical-align:middle;display:inline-block}<\/style>\t\t\t\t\t\t\t\t\t\t\t\t<img loading=\"lazy\" decoding=\"async\" width=\"500\" height=\"500\" src=\"https:\/\/funanim.be\/wp-content\/uploads\/2023\/08\/machine_granita.png\" class=\"attachment-large size-large wp-image-1152\" alt=\"\" srcset=\"https:\/\/funanim.be\/wp-content\/uploads\/2023\/08\/machine_granita.png 500w, https:\/\/funanim.be\/wp-content\/uploads\/2023\/08\/machine_granita-300x300.png 300w, https:\/\/funanim.be\/wp-content\/uploads\/2023\/08\/machine_granita-150x150.png 150w\" sizes=\"auto, (max-width: 500px) 100vw, 500px\" \/>\t\t\t\t\t\t\t\t\t\t\t\t\t\t\t<\/div>\n\t\t\t\t<\/div>\n\t\t\t\t<div class=\"elementor-element elementor-element-1da71f7 gallery-spacing-custom elementor-widget elementor-widget-image-gallery\" data-id=\"1da71f7\" data-element_type=\"widget\" data-widget_type=\"image-gallery.default\">\n\t\t\t\t<div class=\"elementor-widget-container\">\n\t\t\t<style>\/*! elementor - v3.15.0 - 09-08-2023 *\/\n.elementor-image-gallery .gallery-item{display:inline-block;text-align:center;vertical-align:top;width:100%;max-width:100%;margin:0 auto}.elementor-image-gallery .gallery-item img{margin:0 auto}.elementor-image-gallery .gallery-item .gallery-caption{margin:0}.elementor-image-gallery figure img{display:block}.elementor-image-gallery figure figcaption{width:100%}.gallery-spacing-custom .elementor-image-gallery .gallery-icon{padding:0}@media (min-width:768px){.elementor-image-gallery .gallery-columns-2 .gallery-item{max-width:50%}.elementor-image-gallery .gallery-columns-3 .gallery-item{max-width:33.33%}.elementor-image-gallery .gallery-columns-4 .gallery-item{max-width:25%}.elementor-image-gallery .gallery-columns-5 .gallery-item{max-width:20%}.elementor-image-gallery .gallery-columns-6 .gallery-item{max-width:16.666%}.elementor-image-gallery .gallery-columns-7 .gallery-item{max-width:14.28%}.elementor-image-gallery .gallery-columns-8 .gallery-item{max-width:12.5%}.elementor-image-gallery .gallery-columns-9 .gallery-item{max-width:11.11%}.elementor-image-gallery .gallery-columns-10 .gallery-item{max-width:10%}}@media (min-width:480px) and (max-width:767px){.elementor-image-gallery .gallery.gallery-columns-2 .gallery-item,.elementor-image-gallery .gallery.gallery-columns-3 .gallery-item,.elementor-image-gallery .gallery.gallery-columns-4 .gallery-item,.elementor-image-gallery .gallery.gallery-columns-5 .gallery-item,.elementor-image-gallery .gallery.gallery-columns-6 .gallery-item,.elementor-image-gallery .gallery.gallery-columns-7 .gallery-item,.elementor-image-gallery .gallery.gallery-columns-8 .gallery-item,.elementor-image-gallery .gallery.gallery-columns-9 .gallery-item,.elementor-image-gallery .gallery.gallery-columns-10 .gallery-item{max-width:50%}}@media (max-width:479px){.elementor-image-gallery .gallery.gallery-columns-2 .gallery-item,.elementor-image-gallery .gallery.gallery-columns-3 .gallery-item,.elementor-image-gallery .gallery.gallery-columns-4 .gallery-item,.elementor-image-gallery .gallery.gallery-columns-5 .gallery-item,.elementor-image-gallery .gallery.gallery-columns-6 .gallery-item,.elementor-image-gallery .gallery.gallery-columns-7 .gallery-item,.elementor-image-gallery .gallery.gallery-columns-8 .gallery-item,.elementor-image-gallery .gallery.gallery-columns-9 .gallery-item,.elementor-image-gallery .gallery.gallery-columns-10 .gallery-item{max-width:100%}}<\/style>\t\t<div class=\"elementor-image-gallery\">\n\t\t\t<div id='gallery-1' class='gallery galleryid-1199 gallery-columns-3 gallery-size-thumbnail'><figure class='gallery-item'>\n\t\t\t<div class='gallery-icon landscape'>\n\t\t\t\t<a data-elementor-open-lightbox=\"no\" href='https:\/\/funanim.be\/wp-content\/uploads\/2023\/08\/machine_granita1.jpg'><img loading=\"lazy\" decoding=\"async\" width=\"150\" height=\"150\" src=\"https:\/\/funanim.be\/wp-content\/uploads\/2023\/08\/machine_granita1-150x150.jpg\" class=\"attachment-thumbnail size-thumbnail\" alt=\"\" srcset=\"https:\/\/funanim.be\/wp-content\/uploads\/2023\/08\/machine_granita1-150x150.jpg 150w, https:\/\/funanim.be\/wp-content\/uploads\/2023\/08\/machine_granita1-300x300.jpg 300w, https:\/\/funanim.be\/wp-content\/uploads\/2023\/08\/machine_granita1-1024x1024.jpg 1024w, https:\/\/funanim.be\/wp-content\/uploads\/2023\/08\/machine_granita1-768x768.jpg 768w, https:\/\/funanim.be\/wp-content\/uploads\/2023\/08\/machine_granita1-1536x1536.jpg 1536w, https:\/\/funanim.be\/wp-content\/uploads\/2023\/08\/machine_granita1-600x600.jpg 600w, https:\/\/funanim.be\/wp-content\/uploads\/2023\/08\/machine_granita1.jpg 1600w\" sizes=\"auto, (max-width: 150px) 100vw, 150px\" \/><\/a>\n\t\t\t<\/div><\/figure><figure class='gallery-item'>\n\t\t\t<div class='gallery-icon landscape'>\n\t\t\t\t<a data-elementor-open-lightbox=\"no\" href='https:\/\/funanim.be\/wp-content\/uploads\/2023\/08\/machine_granita2.jpg'><img loading=\"lazy\" decoding=\"async\" width=\"150\" height=\"150\" src=\"https:\/\/funanim.be\/wp-content\/uploads\/2023\/08\/machine_granita2-150x150.jpg\" class=\"attachment-thumbnail size-thumbnail\" alt=\"\" srcset=\"https:\/\/funanim.be\/wp-content\/uploads\/2023\/08\/machine_granita2-150x150.jpg 150w, https:\/\/funanim.be\/wp-content\/uploads\/2023\/08\/machine_granita2-300x300.jpg 300w, https:\/\/funanim.be\/wp-content\/uploads\/2023\/08\/machine_granita2-1024x1024.jpg 1024w, https:\/\/funanim.be\/wp-content\/uploads\/2023\/08\/machine_granita2-768x768.jpg 768w, https:\/\/funanim.be\/wp-content\/uploads\/2023\/08\/machine_granita2-1536x1536.jpg 1536w, https:\/\/funanim.be\/wp-content\/uploads\/2023\/08\/machine_granita2-600x600.jpg 600w, https:\/\/funanim.be\/wp-content\/uploads\/2023\/08\/machine_granita2.jpg 1600w\" sizes=\"auto, (max-width: 150px) 100vw, 150px\" \/><\/a>\n\t\t\t<\/div><\/figure>\n\t\t<\/div>\n\t\t<\/div>\n\t\t\t\t<\/div>\n\t\t\t\t<\/div>\n\t\t\t\t<div class=\"elementor-element elementor-element-6e0b0e1 elementor-widget elementor-widget-text-editor\" data-id=\"6e0b0e1\" data-element_type=\"widget\" data-widget_type=\"text-editor.default\">\n\t\t\t\t<div class=\"elementor-widget-container\">\n\t\t\t<style>\/*! elementor - v3.15.0 - 09-08-2023 *\/\n.elementor-widget-text-editor.elementor-drop-cap-view-stacked .elementor-drop-cap{background-color:#69727d;color:#fff}.elementor-widget-text-editor.elementor-drop-cap-view-framed .elementor-drop-cap{color:#69727d;border:3px solid;background-color:transparent}.elementor-widget-text-editor:not(.elementor-drop-cap-view-default) .elementor-drop-cap{margin-top:8px}.elementor-widget-text-editor:not(.elementor-drop-cap-view-default) .elementor-drop-cap-letter{width:1em;height:1em}.elementor-widget-text-editor .elementor-drop-cap{float:left;text-align:center;line-height:1;font-size:50px}.elementor-widget-text-editor .elementor-drop-cap-letter{display:inline-block}<\/style>\t\t\t\t<p>Pour cette location, nous vous <b>offrons\u00a0<\/b><em style=\"font-family: Roboto, sans-serif; font-size: 14px; font-variant-ligatures: normal; font-variant-caps: normal; font-weight: 400; color: var( --e-global-color-text ); text-align: start;\"><span style=\"font-size: 14px; color: #7bbf0f;\"><span style=\"font-size: 14px; font-weight: 600;\"><u>2 cuves de granita de 12 litres<\/u><\/span><\/span><\/em><span style=\"font-size: 14px; color: var( --e-global-color-text );\">, <br \/>ce qui comprend le <b>m\u00e9lange pr\u00eat \u00e0 l&#8217;emploi<\/b><\/span><\/p><p>ainsi que\u00a0<em style=\"font-family: Roboto, sans-serif; font-size: 14px; font-variant-ligatures: normal; font-variant-caps: normal; font-weight: 400; color: var( --e-global-color-text ); text-align: start;\"><span style=\"font-size: 14px; color: #7bbf0f;\"><span style=\"font-size: 14px; font-weight: 600;\"><u style=\"font-size: 14px;\">50 gobelets<\/u><\/span><\/span><\/em><span style=\"font-size: 14px; color: var( --e-global-color-text );\">\u00a0et\u00a0<\/span><em style=\"font-family: Roboto, sans-serif; font-size: 14px; font-variant-ligatures: normal; font-variant-caps: normal; font-weight: 400; color: var( --e-global-color-text ); text-align: start;\"><span style=\"font-size: 14px; color: #7bbf0f;\"><span style=\"font-size: 14px; font-weight: 600;\"><u style=\"font-size: 14px;\">50\u00a0<\/u><\/span><\/span><\/em><em style=\"font-family: Roboto, sans-serif; font-size: 14px; font-variant-ligatures: normal; font-variant-caps: normal; font-weight: 400; color: var( --e-global-color-text ); text-align: start;\"><span style=\"font-size: 14px; color: #7bbf0f;\"><span style=\"font-size: 14px; font-weight: 600;\"><u style=\"font-size: 14px;\">pailles<\/u><\/span><\/span><\/em><span style=\"font-size: 14px; color: var( --e-global-color-text );\">.<\/span><\/p>\t\t\t\t\t\t<\/div>\n\t\t\t\t<\/div>\n\t\t\t\t\t<\/div>\n\t\t<\/div>\n\t\t\t\t<div class=\"elementor-column elementor-col-50 elementor-top-column elementor-element elementor-element-f3ed678\" data-id=\"f3ed678\" data-element_type=\"column\">\n\t\t\t<div class=\"elementor-widget-wrap elementor-element-populated\">\n\t\t\t\t\t\t\t\t<div class=\"elementor-element elementor-element-9669151 elementor-widget elementor-widget-text-editor\" data-id=\"9669151\" data-element_type=\"widget\" data-widget_type=\"text-editor.default\">\n\t\t\t\t<div class=\"elementor-widget-container\">\n\t\t\t\t\t\t\t<h2>Machine \u00e0 Granita 2 cuves<\/h2><p><em style=\"font-size: 14px;\"><span style=\"color: #7bbf0f;\"><strong>100 \u20ac<\/strong> <\/span>la journ\u00e9e<br \/><\/em><em style=\"font-size: 14px; color: var( --e-global-color-text );\"><span style=\"color: #7bbf0f;\"><strong>50 \u20ac<\/strong> <\/span>par jour suppl\u00e9mentaire<\/em><\/p>\t\t\t\t\t\t<\/div>\n\t\t\t\t<\/div>\n\t\t\t\t<div class=\"elementor-element elementor-element-87d5cbc elementor-widget elementor-widget-text-editor\" data-id=\"87d5cbc\" data-element_type=\"widget\" data-widget_type=\"text-editor.default\">\n\t\t\t\t<div class=\"elementor-widget-container\">\n\t\t\t\t\t\t\t<h2><span style=\"font-size: 14px; color: var( --e-global-color-text );\">Nos tarifs comprennent la <\/span><b style=\"font-size: 14px; color: var( --e-global-color-text );\">livraison<\/b><span style=\"font-size: 14px; color: var( --e-global-color-text );\">, le <\/span><b style=\"font-size: 14px; color: var( --e-global-color-text );\">montage <\/b><span style=\"font-size: 14px; color: var( --e-global-color-text );\">et le <\/span><b style=\"font-size: 14px; color: var( --e-global-color-text );\">d\u00e9montage <\/b><span style=\"font-size: 14px; color: var( --e-global-color-text );\">du mat\u00e9riel.<\/span><\/h2><p>Nous livrons dans un rayon de <b>25 km autour d\u2019Aiseau-presles<\/b>,<br \/>au-del\u00e0 un suppl\u00e9ment sera demand\u00e9.<\/p><p><strong><img loading=\"lazy\" decoding=\"async\" class=\"wp-image-766 aligncenter\" src=\"http:\/\/funanim.be\/wp-content\/uploads\/2023\/08\/50_pourcents-300x200.png\" alt=\"\" width=\"102\" height=\"68\" srcset=\"https:\/\/funanim.be\/wp-content\/uploads\/2023\/08\/50_pourcents-300x200.png 300w, https:\/\/funanim.be\/wp-content\/uploads\/2023\/08\/50_pourcents.png 600w\" sizes=\"auto, (max-width: 102px) 100vw, 102px\" \/><\/strong><\/p><p>d\u00e9s le <b>deuxi\u00e8me <\/b>jour de location et sur <b>chaque <\/b>jour suppl\u00e9mentaire,<br \/>sur <b>toutes <\/b>nos locations.<\/p>\t\t\t\t\t\t<\/div>\n\t\t\t\t<\/div>\n\t\t\t\t\t<\/div>\n\t\t<\/div>\n\t\t\t\t\t\t\t<\/div>\n\t\t<\/section>\n\t\t\t\t\t\t\t<\/div>\n\t\t","protected":false},"excerpt":{"rendered":"<p>Pour cette location, nous vous offrons\u00a02 cuves de granita de 12 litres, ce qui comprend le m\u00e9lange pr\u00eat \u00e0 l&#8217;emploi ainsi que\u00a050 gobelets\u00a0et\u00a050\u00a0pailles. Machine \u00e0 Granita 2 cuves 100 \u20ac la journ\u00e9e50 \u20ac par jour suppl\u00e9mentaire Nos tarifs comprennent la livraison, le montage et le d\u00e9montage du mat\u00e9riel. Nous livrons dans un rayon de 25 [&hellip;]<\/p>\n","protected":false},"author":2,"featured_media":0,"parent":0,"menu_order":0,"comment_status":"closed","ping_status":"closed","template":"","meta":{"footnotes":""},"class_list":["post-1199","page","type-page","status-publish","hentry","entry"],"yoast_head":"<!-- This site is optimized with the Yoast SEO plugin v20.13 - https:\/\/yoast.com\/wordpress\/plugins\/seo\/ -->\n<title>Machine \u00e0 Granita - FunAnim<\/title>\n<meta name=\"robots\" content=\"index, follow, max-snippet:-1, max-image-preview:large, max-video-preview:-1\" \/>\n<link rel=\"canonical\" href=\"https:\/\/funanim.be\/index.php\/machine-a-granita\/\" \/>\n<meta property=\"og:locale\" content=\"fr_FR\" \/>\n<meta property=\"og:type\" content=\"article\" \/>\n<meta property=\"og:title\" content=\"Machine \u00e0 Granita - FunAnim\" \/>\n<meta property=\"og:description\" content=\"Pour cette location, nous vous offrons\u00a02 cuves de granita de 12 litres, ce qui comprend le m\u00e9lange pr\u00eat \u00e0 l&#8217;emploi ainsi que\u00a050 gobelets\u00a0et\u00a050\u00a0pailles. Machine \u00e0 Granita 2 cuves 100 \u20ac la journ\u00e9e50 \u20ac par jour suppl\u00e9mentaire Nos tarifs comprennent la livraison, le montage et le d\u00e9montage du mat\u00e9riel. Nous livrons dans un rayon de 25 [&hellip;]\" \/>\n<meta property=\"og:url\" content=\"https:\/\/funanim.be\/index.php\/machine-a-granita\/\" \/>\n<meta property=\"og:site_name\" content=\"FunAnim\" \/>\n<meta property=\"article:modified_time\" content=\"2026-01-30T20:51:02+00:00\" \/>\n<meta property=\"og:image\" content=\"http:\/\/funanim.be\/wp-content\/uploads\/2023\/08\/machine_granita.png\" \/>\n<meta name=\"twitter:card\" content=\"summary_large_image\" \/>\n<meta name=\"twitter:label1\" content=\"Dur\u00e9e de lecture estim\u00e9e\" \/>\n\t<meta name=\"twitter:data1\" content=\"2 minutes\" \/>\n<script type=\"application\/ld+json\" class=\"yoast-schema-graph\">{\"@context\":\"https:\/\/schema.org\",\"@graph\":[{\"@type\":\"WebPage\",\"@id\":\"https:\/\/funanim.be\/index.php\/machine-a-granita\/\",\"url\":\"https:\/\/funanim.be\/index.php\/machine-a-granita\/\",\"name\":\"Machine \u00e0 Granita - FunAnim\",\"isPartOf\":{\"@id\":\"https:\/\/funanim.be\/#website\"},\"datePublished\":\"2023-08-21T19:48:05+00:00\",\"dateModified\":\"2026-01-30T20:51:02+00:00\",\"breadcrumb\":{\"@id\":\"https:\/\/funanim.be\/index.php\/machine-a-granita\/#breadcrumb\"},\"inLanguage\":\"fr-FR\",\"potentialAction\":[{\"@type\":\"ReadAction\",\"target\":[\"https:\/\/funanim.be\/index.php\/machine-a-granita\/\"]}]},{\"@type\":\"BreadcrumbList\",\"@id\":\"https:\/\/funanim.be\/index.php\/machine-a-granita\/#breadcrumb\",\"itemListElement\":[{\"@type\":\"ListItem\",\"position\":1,\"name\":\"Accueil\",\"item\":\"https:\/\/funanim.be\/\"},{\"@type\":\"ListItem\",\"position\":2,\"name\":\"Machine \u00e0 Granita\"}]},{\"@type\":\"WebSite\",\"@id\":\"https:\/\/funanim.be\/#website\",\"url\":\"https:\/\/funanim.be\/\",\"name\":\"FunAnim\",\"description\":\"Locations et animations pour tout \u00e9v\u00e9nement\",\"publisher\":{\"@id\":\"https:\/\/funanim.be\/#organization\"},\"potentialAction\":[{\"@type\":\"SearchAction\",\"target\":{\"@type\":\"EntryPoint\",\"urlTemplate\":\"https:\/\/funanim.be\/?s={search_term_string}\"},\"query-input\":\"required name=search_term_string\"}],\"inLanguage\":\"fr-FR\"},{\"@type\":\"Organization\",\"@id\":\"https:\/\/funanim.be\/#organization\",\"name\":\"FunAnim\",\"url\":\"https:\/\/funanim.be\/\",\"logo\":{\"@type\":\"ImageObject\",\"inLanguage\":\"fr-FR\",\"@id\":\"https:\/\/funanim.be\/#\/schema\/logo\/image\/\",\"url\":\"https:\/\/funanim.be\/wp-content\/uploads\/2023\/08\/cropped-logo_funanim.jpg\",\"contentUrl\":\"https:\/\/funanim.be\/wp-content\/uploads\/2023\/08\/cropped-logo_funanim.jpg\",\"width\":1030,\"height\":489,\"caption\":\"FunAnim\"},\"image\":{\"@id\":\"https:\/\/funanim.be\/#\/schema\/logo\/image\/\"}}]}<\/script>\n<!-- \/ Yoast SEO plugin. -->","yoast_head_json":{"title":"Machine \u00e0 Granita - FunAnim","robots":{"index":"index","follow":"follow","max-snippet":"max-snippet:-1","max-image-preview":"max-image-preview:large","max-video-preview":"max-video-preview:-1"},"canonical":"https:\/\/funanim.be\/index.php\/machine-a-granita\/","og_locale":"fr_FR","og_type":"article","og_title":"Machine \u00e0 Granita - FunAnim","og_description":"Pour cette location, nous vous offrons\u00a02 cuves de granita de 12 litres, ce qui comprend le m\u00e9lange pr\u00eat \u00e0 l&#8217;emploi ainsi que\u00a050 gobelets\u00a0et\u00a050\u00a0pailles. Machine \u00e0 Granita 2 cuves 100 \u20ac la journ\u00e9e50 \u20ac par jour suppl\u00e9mentaire Nos tarifs comprennent la livraison, le montage et le d\u00e9montage du mat\u00e9riel. Nous livrons dans un rayon de 25 [&hellip;]","og_url":"https:\/\/funanim.be\/index.php\/machine-a-granita\/","og_site_name":"FunAnim","article_modified_time":"2026-01-30T20:51:02+00:00","og_image":[{"url":"http:\/\/funanim.be\/wp-content\/uploads\/2023\/08\/machine_granita.png"}],"twitter_card":"summary_large_image","twitter_misc":{"Dur\u00e9e de lecture estim\u00e9e":"2 minutes"},"schema":{"@context":"https:\/\/schema.org","@graph":[{"@type":"WebPage","@id":"https:\/\/funanim.be\/index.php\/machine-a-granita\/","url":"https:\/\/funanim.be\/index.php\/machine-a-granita\/","name":"Machine \u00e0 Granita - FunAnim","isPartOf":{"@id":"https:\/\/funanim.be\/#website"},"datePublished":"2023-08-21T19:48:05+00:00","dateModified":"2026-01-30T20:51:02+00:00","breadcrumb":{"@id":"https:\/\/funanim.be\/index.php\/machine-a-granita\/#breadcrumb"},"inLanguage":"fr-FR","potentialAction":[{"@type":"ReadAction","target":["https:\/\/funanim.be\/index.php\/machine-a-granita\/"]}]},{"@type":"BreadcrumbList","@id":"https:\/\/funanim.be\/index.php\/machine-a-granita\/#breadcrumb","itemListElement":[{"@type":"ListItem","position":1,"name":"Accueil","item":"https:\/\/funanim.be\/"},{"@type":"ListItem","position":2,"name":"Machine \u00e0 Granita"}]},{"@type":"WebSite","@id":"https:\/\/funanim.be\/#website","url":"https:\/\/funanim.be\/","name":"FunAnim","description":"Locations et animations pour tout \u00e9v\u00e9nement","publisher":{"@id":"https:\/\/funanim.be\/#organization"},"potentialAction":[{"@type":"SearchAction","target":{"@type":"EntryPoint","urlTemplate":"https:\/\/funanim.be\/?s={search_term_string}"},"query-input":"required name=search_term_string"}],"inLanguage":"fr-FR"},{"@type":"Organization","@id":"https:\/\/funanim.be\/#organization","name":"FunAnim","url":"https:\/\/funanim.be\/","logo":{"@type":"ImageObject","inLanguage":"fr-FR","@id":"https:\/\/funanim.be\/#\/schema\/logo\/image\/","url":"https:\/\/funanim.be\/wp-content\/uploads\/2023\/08\/cropped-logo_funanim.jpg","contentUrl":"https:\/\/funanim.be\/wp-content\/uploads\/2023\/08\/cropped-logo_funanim.jpg","width":1030,"height":489,"caption":"FunAnim"},"image":{"@id":"https:\/\/funanim.be\/#\/schema\/logo\/image\/"}}]}},"_links":{"self":[{"href":"https:\/\/funanim.be\/index.php\/wp-json\/wp\/v2\/pages\/1199","targetHints":{"allow":["GET"]}}],"collection":[{"href":"https:\/\/funanim.be\/index.php\/wp-json\/wp\/v2\/pages"}],"about":[{"href":"https:\/\/funanim.be\/index.php\/wp-json\/wp\/v2\/types\/page"}],"author":[{"embeddable":true,"href":"https:\/\/funanim.be\/index.php\/wp-json\/wp\/v2\/users\/2"}],"replies":[{"embeddable":true,"href":"https:\/\/funanim.be\/index.php\/wp-json\/wp\/v2\/comments?post=1199"}],"version-history":[{"count":43,"href":"https:\/\/funanim.be\/index.php\/wp-json\/wp\/v2\/pages\/1199\/revisions"}],"predecessor-version":[{"id":2510,"href":"https:\/\/funanim.be\/index.php\/wp-json\/wp\/v2\/pages\/1199\/revisions\/2510"}],"wp:attachment":[{"href":"https:\/\/funanim.be\/index.php\/wp-json\/wp\/v2\/media?parent=1199"}],"curies":[{"name":"wp","href":"https:\/\/api.w.org\/{rel}","templated":true}]}}