{"id":740,"date":"2023-08-18T16:27:36","date_gmt":"2023-08-18T14:27:36","guid":{"rendered":"https:\/\/funanim.be\/?page_id=740"},"modified":"2026-01-30T21:05:11","modified_gmt":"2026-01-30T20:05:11","slug":"toboggan-pirate","status":"publish","type":"page","link":"https:\/\/funanim.be\/index.php\/toboggan-pirate\/","title":{"rendered":"Toboggan Pirate"},"content":{"rendered":"\t\t<div data-elementor-type=\"wp-page\" data-elementor-id=\"740\" class=\"elementor elementor-740\">\n\t\t\t\t\t\t\t\t\t<section class=\"elementor-section elementor-top-section elementor-element elementor-element-63e4f11 elementor-section-boxed elementor-section-height-default elementor-section-height-default\" data-id=\"63e4f11\" data-element_type=\"section\">\n\t\t\t\t\t\t<div class=\"elementor-container elementor-column-gap-default\">\n\t\t\t\t\t<div class=\"elementor-column elementor-col-50 elementor-top-column elementor-element elementor-element-3f49226\" data-id=\"3f49226\" data-element_type=\"column\">\n\t\t\t<div class=\"elementor-widget-wrap elementor-element-populated\">\n\t\t\t\t\t\t\t\t<div class=\"elementor-element elementor-element-7149405 elementor-widget elementor-widget-image\" data-id=\"7149405\" data-element_type=\"widget\" data-widget_type=\"image.default\">\n\t\t\t\t<div class=\"elementor-widget-container\">\n\t\t\t<style>\/*! elementor - v3.15.0 - 09-08-2023 *\/\n.elementor-widget-image{text-align:center}.elementor-widget-image a{display:inline-block}.elementor-widget-image a img[src$=\".svg\"]{width:48px}.elementor-widget-image img{vertical-align:middle;display:inline-block}<\/style>\t\t\t\t\t\t\t\t\t\t\t\t<img loading=\"lazy\" decoding=\"async\" width=\"433\" height=\"577\" src=\"https:\/\/funanim.be\/wp-content\/uploads\/2023\/08\/toboggan_pirate.png\" class=\"attachment-large size-large wp-image-892\" alt=\"\" srcset=\"https:\/\/funanim.be\/wp-content\/uploads\/2023\/08\/toboggan_pirate.png 433w, https:\/\/funanim.be\/wp-content\/uploads\/2023\/08\/toboggan_pirate-225x300.png 225w\" sizes=\"auto, (max-width: 433px) 100vw, 433px\" \/>\t\t\t\t\t\t\t\t\t\t\t\t\t\t\t<\/div>\n\t\t\t\t<\/div>\n\t\t\t\t<div class=\"elementor-element elementor-element-22671ed gallery-spacing-custom elementor-widget elementor-widget-image-gallery\" data-id=\"22671ed\" data-element_type=\"widget\" data-widget_type=\"image-gallery.default\">\n\t\t\t\t<div class=\"elementor-widget-container\">\n\t\t\t<style>\/*! elementor - v3.15.0 - 09-08-2023 *\/\n.elementor-image-gallery .gallery-item{display:inline-block;text-align:center;vertical-align:top;width:100%;max-width:100%;margin:0 auto}.elementor-image-gallery .gallery-item img{margin:0 auto}.elementor-image-gallery .gallery-item .gallery-caption{margin:0}.elementor-image-gallery figure img{display:block}.elementor-image-gallery figure figcaption{width:100%}.gallery-spacing-custom .elementor-image-gallery .gallery-icon{padding:0}@media (min-width:768px){.elementor-image-gallery .gallery-columns-2 .gallery-item{max-width:50%}.elementor-image-gallery .gallery-columns-3 .gallery-item{max-width:33.33%}.elementor-image-gallery .gallery-columns-4 .gallery-item{max-width:25%}.elementor-image-gallery .gallery-columns-5 .gallery-item{max-width:20%}.elementor-image-gallery .gallery-columns-6 .gallery-item{max-width:16.666%}.elementor-image-gallery .gallery-columns-7 .gallery-item{max-width:14.28%}.elementor-image-gallery .gallery-columns-8 .gallery-item{max-width:12.5%}.elementor-image-gallery .gallery-columns-9 .gallery-item{max-width:11.11%}.elementor-image-gallery .gallery-columns-10 .gallery-item{max-width:10%}}@media (min-width:480px) and (max-width:767px){.elementor-image-gallery .gallery.gallery-columns-2 .gallery-item,.elementor-image-gallery .gallery.gallery-columns-3 .gallery-item,.elementor-image-gallery .gallery.gallery-columns-4 .gallery-item,.elementor-image-gallery .gallery.gallery-columns-5 .gallery-item,.elementor-image-gallery .gallery.gallery-columns-6 .gallery-item,.elementor-image-gallery .gallery.gallery-columns-7 .gallery-item,.elementor-image-gallery .gallery.gallery-columns-8 .gallery-item,.elementor-image-gallery .gallery.gallery-columns-9 .gallery-item,.elementor-image-gallery .gallery.gallery-columns-10 .gallery-item{max-width:50%}}@media (max-width:479px){.elementor-image-gallery .gallery.gallery-columns-2 .gallery-item,.elementor-image-gallery .gallery.gallery-columns-3 .gallery-item,.elementor-image-gallery .gallery.gallery-columns-4 .gallery-item,.elementor-image-gallery .gallery.gallery-columns-5 .gallery-item,.elementor-image-gallery .gallery.gallery-columns-6 .gallery-item,.elementor-image-gallery .gallery.gallery-columns-7 .gallery-item,.elementor-image-gallery .gallery.gallery-columns-8 .gallery-item,.elementor-image-gallery .gallery.gallery-columns-9 .gallery-item,.elementor-image-gallery .gallery.gallery-columns-10 .gallery-item{max-width:100%}}<\/style>\t\t<div class=\"elementor-image-gallery\">\n\t\t\t<div id='gallery-1' class='gallery galleryid-740 gallery-columns-3 gallery-size-thumbnail'><figure class='gallery-item'>\n\t\t\t<div class='gallery-icon portrait'>\n\t\t\t\t<a data-elementor-open-lightbox=\"no\" href='https:\/\/funanim.be\/wp-content\/uploads\/2023\/08\/toboggan_pirate1.jpg'><img loading=\"lazy\" decoding=\"async\" width=\"150\" height=\"150\" src=\"https:\/\/funanim.be\/wp-content\/uploads\/2023\/08\/toboggan_pirate1-150x150.jpg\" class=\"attachment-thumbnail size-thumbnail\" alt=\"\" srcset=\"https:\/\/funanim.be\/wp-content\/uploads\/2023\/08\/toboggan_pirate1-150x150.jpg 150w, https:\/\/funanim.be\/wp-content\/uploads\/2023\/08\/toboggan_pirate1-600x600.jpg 600w\" sizes=\"auto, (max-width: 150px) 100vw, 150px\" \/><\/a>\n\t\t\t<\/div><\/figure><figure class='gallery-item'>\n\t\t\t<div class='gallery-icon portrait'>\n\t\t\t\t<a data-elementor-open-lightbox=\"no\" href='https:\/\/funanim.be\/wp-content\/uploads\/2023\/08\/toboggan_pirate2.jpg'><img loading=\"lazy\" decoding=\"async\" width=\"150\" height=\"150\" src=\"https:\/\/funanim.be\/wp-content\/uploads\/2023\/08\/toboggan_pirate2-150x150.jpg\" class=\"attachment-thumbnail size-thumbnail\" alt=\"\" srcset=\"https:\/\/funanim.be\/wp-content\/uploads\/2023\/08\/toboggan_pirate2-150x150.jpg 150w, https:\/\/funanim.be\/wp-content\/uploads\/2023\/08\/toboggan_pirate2-600x600.jpg 600w\" sizes=\"auto, (max-width: 150px) 100vw, 150px\" \/><\/a>\n\t\t\t<\/div><\/figure>\n\t\t<\/div>\n\t\t<\/div>\n\t\t\t\t<\/div>\n\t\t\t\t<\/div>\n\t\t\t\t\t<\/div>\n\t\t<\/div>\n\t\t\t\t<div class=\"elementor-column elementor-col-50 elementor-top-column elementor-element elementor-element-e6c4b56\" data-id=\"e6c4b56\" data-element_type=\"column\">\n\t\t\t<div class=\"elementor-widget-wrap elementor-element-populated\">\n\t\t\t\t\t\t\t\t<div class=\"elementor-element elementor-element-d2ca702 elementor-widget elementor-widget-text-editor\" data-id=\"d2ca702\" data-element_type=\"widget\" data-widget_type=\"text-editor.default\">\n\t\t\t\t<div class=\"elementor-widget-container\">\n\t\t\t<style>\/*! elementor - v3.15.0 - 09-08-2023 *\/\n.elementor-widget-text-editor.elementor-drop-cap-view-stacked .elementor-drop-cap{background-color:#69727d;color:#fff}.elementor-widget-text-editor.elementor-drop-cap-view-framed .elementor-drop-cap{color:#69727d;border:3px solid;background-color:transparent}.elementor-widget-text-editor:not(.elementor-drop-cap-view-default) .elementor-drop-cap{margin-top:8px}.elementor-widget-text-editor:not(.elementor-drop-cap-view-default) .elementor-drop-cap-letter{width:1em;height:1em}.elementor-widget-text-editor .elementor-drop-cap{float:left;text-align:center;line-height:1;font-size:50px}.elementor-widget-text-editor .elementor-drop-cap-letter{display:inline-block}<\/style>\t\t\t\t<h2>Toboggan Pirate<\/h2><p><em><span style=\"color: #7bbf0f;\"><strong>140 \u20ac<\/strong> <\/span>la journ\u00e9e<br \/><\/em><em style=\"font-size: 14px; color: var( --e-global-color-text );\"><span style=\"color: #7bbf0f;\"><strong>70 \u20ac<\/strong> <\/span>par jour suppl\u00e9mentaire<\/em><\/p>\t\t\t\t\t\t<\/div>\n\t\t\t\t<\/div>\n\t\t\t\t<div class=\"elementor-element elementor-element-9d5b62d elementor-widget elementor-widget-text-editor\" data-id=\"9d5b62d\" data-element_type=\"widget\" data-widget_type=\"text-editor.default\">\n\t\t\t\t<div class=\"elementor-widget-container\">\n\t\t\t\t\t\t\t<h2><span style=\"font-size: 14px; color: var( --e-global-color-text );\">Nos tarifs comprennent la <\/span><b style=\"font-size: 14px; color: var( --e-global-color-text );\">livraison<\/b><span style=\"font-size: 14px; color: var( --e-global-color-text );\">, le <\/span><b style=\"font-size: 14px; color: var( --e-global-color-text );\">montage <\/b><span style=\"font-size: 14px; color: var( --e-global-color-text );\">et le <\/span><b style=\"font-size: 14px; color: var( --e-global-color-text );\">d\u00e9montage <\/b><span style=\"font-size: 14px; color: var( --e-global-color-text );\">du mat\u00e9riel.<\/span><\/h2><p>Nous livrons dans un rayon de <b>25 km autour d\u2019Aiseau-presles<\/b>,<br \/>au-del\u00e0 un suppl\u00e9ment sera demand\u00e9.<\/p><p><strong><img loading=\"lazy\" decoding=\"async\" class=\"wp-image-766 aligncenter\" src=\"http:\/\/funanim.be\/wp-content\/uploads\/2023\/08\/50_pourcents-300x200.png\" alt=\"\" width=\"102\" height=\"68\" srcset=\"https:\/\/funanim.be\/wp-content\/uploads\/2023\/08\/50_pourcents-300x200.png 300w, https:\/\/funanim.be\/wp-content\/uploads\/2023\/08\/50_pourcents.png 600w\" sizes=\"auto, (max-width: 102px) 100vw, 102px\" \/><\/strong><\/p><p>d\u00e9s le <b>deuxi\u00e8me <\/b>jour de location et sur <b>chaque <\/b>jour suppl\u00e9mentaire,<br \/>sur <b>toutes <\/b>nos locations.<\/p>\t\t\t\t\t\t<\/div>\n\t\t\t\t<\/div>\n\t\t\t\t<div class=\"elementor-element elementor-element-f03b3a1 elementor-widget elementor-widget-text-editor\" data-id=\"f03b3a1\" data-element_type=\"widget\" data-widget_type=\"text-editor.default\">\n\t\t\t\t<div class=\"elementor-widget-container\">\n\t\t\t\t\t\t\t<table class=\"aligncenter\" style=\"border-collapse: collapse; width: 100%;\" border=\"2\"><tbody><tr><td style=\"width: 50%; text-align: center;\"><span style=\"color: #212529; font-family: Montserrat, sans-serif; font-size: 14px; font-style: normal; font-variant-ligatures: normal; font-variant-caps: normal; font-weight: bold; text-align: -webkit-center;\">Dimensions<br \/><strong>(l x L x H)<\/strong><\/span><\/td><td style=\"width: 50%; text-align: center;\"><span style=\"color: #212529; font-family: Montserrat, sans-serif; font-size: 14px; font-style: normal; font-variant-ligatures: normal; font-variant-caps: normal;\"><br \/><b>4m x 6m x 5,10m<\/b><\/span><\/td><\/tr><\/tbody><\/table>\t\t\t\t\t\t<\/div>\n\t\t\t\t<\/div>\n\t\t\t\t\t<\/div>\n\t\t<\/div>\n\t\t\t\t\t\t\t<\/div>\n\t\t<\/section>\n\t\t\t\t\t\t\t<\/div>\n\t\t","protected":false},"excerpt":{"rendered":"<p>Toboggan Pirate 140 \u20ac la journ\u00e9e70 \u20ac par jour suppl\u00e9mentaire Nos tarifs comprennent la livraison, le montage et le d\u00e9montage du mat\u00e9riel. Nous livrons dans un rayon de 25 km autour d\u2019Aiseau-presles,au-del\u00e0 un suppl\u00e9ment sera demand\u00e9. d\u00e9s le deuxi\u00e8me jour de location et sur chaque jour suppl\u00e9mentaire,sur toutes nos locations. Dimensions(l x L x H) [&hellip;]<\/p>\n","protected":false},"author":2,"featured_media":0,"parent":0,"menu_order":0,"comment_status":"closed","ping_status":"closed","template":"","meta":{"footnotes":""},"class_list":["post-740","page","type-page","status-publish","hentry","entry"],"yoast_head":"<!-- This site is optimized with the Yoast SEO plugin v20.13 - https:\/\/yoast.com\/wordpress\/plugins\/seo\/ -->\n<title>Toboggan Pirate - FunAnim<\/title>\n<meta name=\"robots\" content=\"index, follow, max-snippet:-1, max-image-preview:large, max-video-preview:-1\" \/>\n<link rel=\"canonical\" href=\"https:\/\/funanim.be\/index.php\/toboggan-pirate\/\" \/>\n<meta property=\"og:locale\" content=\"fr_FR\" \/>\n<meta property=\"og:type\" content=\"article\" \/>\n<meta property=\"og:title\" content=\"Toboggan Pirate - FunAnim\" \/>\n<meta property=\"og:description\" content=\"Toboggan Pirate 140 \u20ac la journ\u00e9e70 \u20ac par jour suppl\u00e9mentaire Nos tarifs comprennent la livraison, le montage et le d\u00e9montage du mat\u00e9riel. Nous livrons dans un rayon de 25 km autour d\u2019Aiseau-presles,au-del\u00e0 un suppl\u00e9ment sera demand\u00e9. d\u00e9s le deuxi\u00e8me jour de location et sur chaque jour suppl\u00e9mentaire,sur toutes nos locations. Dimensions(l x L x H) [&hellip;]\" \/>\n<meta property=\"og:url\" content=\"https:\/\/funanim.be\/index.php\/toboggan-pirate\/\" \/>\n<meta property=\"og:site_name\" content=\"FunAnim\" \/>\n<meta property=\"article:modified_time\" content=\"2026-01-30T20:05:11+00:00\" \/>\n<meta property=\"og:image\" content=\"http:\/\/funanim.be\/wp-content\/uploads\/2023\/08\/toboggan_pirate.png\" \/>\n<meta name=\"twitter:card\" content=\"summary_large_image\" \/>\n<meta name=\"twitter:label1\" content=\"Dur\u00e9e de lecture estim\u00e9e\" \/>\n\t<meta name=\"twitter:data1\" content=\"2 minutes\" \/>\n<script type=\"application\/ld+json\" class=\"yoast-schema-graph\">{\"@context\":\"https:\/\/schema.org\",\"@graph\":[{\"@type\":\"WebPage\",\"@id\":\"https:\/\/funanim.be\/index.php\/toboggan-pirate\/\",\"url\":\"https:\/\/funanim.be\/index.php\/toboggan-pirate\/\",\"name\":\"Toboggan Pirate - FunAnim\",\"isPartOf\":{\"@id\":\"https:\/\/funanim.be\/#website\"},\"datePublished\":\"2023-08-18T14:27:36+00:00\",\"dateModified\":\"2026-01-30T20:05:11+00:00\",\"breadcrumb\":{\"@id\":\"https:\/\/funanim.be\/index.php\/toboggan-pirate\/#breadcrumb\"},\"inLanguage\":\"fr-FR\",\"potentialAction\":[{\"@type\":\"ReadAction\",\"target\":[\"https:\/\/funanim.be\/index.php\/toboggan-pirate\/\"]}]},{\"@type\":\"BreadcrumbList\",\"@id\":\"https:\/\/funanim.be\/index.php\/toboggan-pirate\/#breadcrumb\",\"itemListElement\":[{\"@type\":\"ListItem\",\"position\":1,\"name\":\"Accueil\",\"item\":\"https:\/\/funanim.be\/\"},{\"@type\":\"ListItem\",\"position\":2,\"name\":\"Toboggan Pirate\"}]},{\"@type\":\"WebSite\",\"@id\":\"https:\/\/funanim.be\/#website\",\"url\":\"https:\/\/funanim.be\/\",\"name\":\"FunAnim\",\"description\":\"Locations et animations pour tout \u00e9v\u00e9nement\",\"publisher\":{\"@id\":\"https:\/\/funanim.be\/#organization\"},\"potentialAction\":[{\"@type\":\"SearchAction\",\"target\":{\"@type\":\"EntryPoint\",\"urlTemplate\":\"https:\/\/funanim.be\/?s={search_term_string}\"},\"query-input\":\"required name=search_term_string\"}],\"inLanguage\":\"fr-FR\"},{\"@type\":\"Organization\",\"@id\":\"https:\/\/funanim.be\/#organization\",\"name\":\"FunAnim\",\"url\":\"https:\/\/funanim.be\/\",\"logo\":{\"@type\":\"ImageObject\",\"inLanguage\":\"fr-FR\",\"@id\":\"https:\/\/funanim.be\/#\/schema\/logo\/image\/\",\"url\":\"https:\/\/funanim.be\/wp-content\/uploads\/2023\/08\/cropped-logo_funanim.jpg\",\"contentUrl\":\"https:\/\/funanim.be\/wp-content\/uploads\/2023\/08\/cropped-logo_funanim.jpg\",\"width\":1030,\"height\":489,\"caption\":\"FunAnim\"},\"image\":{\"@id\":\"https:\/\/funanim.be\/#\/schema\/logo\/image\/\"}}]}<\/script>\n<!-- \/ Yoast SEO plugin. -->","yoast_head_json":{"title":"Toboggan Pirate - FunAnim","robots":{"index":"index","follow":"follow","max-snippet":"max-snippet:-1","max-image-preview":"max-image-preview:large","max-video-preview":"max-video-preview:-1"},"canonical":"https:\/\/funanim.be\/index.php\/toboggan-pirate\/","og_locale":"fr_FR","og_type":"article","og_title":"Toboggan Pirate - FunAnim","og_description":"Toboggan Pirate 140 \u20ac la journ\u00e9e70 \u20ac par jour suppl\u00e9mentaire Nos tarifs comprennent la livraison, le montage et le d\u00e9montage du mat\u00e9riel. Nous livrons dans un rayon de 25 km autour d\u2019Aiseau-presles,au-del\u00e0 un suppl\u00e9ment sera demand\u00e9. d\u00e9s le deuxi\u00e8me jour de location et sur chaque jour suppl\u00e9mentaire,sur toutes nos locations. Dimensions(l x L x H) [&hellip;]","og_url":"https:\/\/funanim.be\/index.php\/toboggan-pirate\/","og_site_name":"FunAnim","article_modified_time":"2026-01-30T20:05:11+00:00","og_image":[{"url":"http:\/\/funanim.be\/wp-content\/uploads\/2023\/08\/toboggan_pirate.png"}],"twitter_card":"summary_large_image","twitter_misc":{"Dur\u00e9e de lecture estim\u00e9e":"2 minutes"},"schema":{"@context":"https:\/\/schema.org","@graph":[{"@type":"WebPage","@id":"https:\/\/funanim.be\/index.php\/toboggan-pirate\/","url":"https:\/\/funanim.be\/index.php\/toboggan-pirate\/","name":"Toboggan Pirate - FunAnim","isPartOf":{"@id":"https:\/\/funanim.be\/#website"},"datePublished":"2023-08-18T14:27:36+00:00","dateModified":"2026-01-30T20:05:11+00:00","breadcrumb":{"@id":"https:\/\/funanim.be\/index.php\/toboggan-pirate\/#breadcrumb"},"inLanguage":"fr-FR","potentialAction":[{"@type":"ReadAction","target":["https:\/\/funanim.be\/index.php\/toboggan-pirate\/"]}]},{"@type":"BreadcrumbList","@id":"https:\/\/funanim.be\/index.php\/toboggan-pirate\/#breadcrumb","itemListElement":[{"@type":"ListItem","position":1,"name":"Accueil","item":"https:\/\/funanim.be\/"},{"@type":"ListItem","position":2,"name":"Toboggan Pirate"}]},{"@type":"WebSite","@id":"https:\/\/funanim.be\/#website","url":"https:\/\/funanim.be\/","name":"FunAnim","description":"Locations et animations pour tout \u00e9v\u00e9nement","publisher":{"@id":"https:\/\/funanim.be\/#organization"},"potentialAction":[{"@type":"SearchAction","target":{"@type":"EntryPoint","urlTemplate":"https:\/\/funanim.be\/?s={search_term_string}"},"query-input":"required name=search_term_string"}],"inLanguage":"fr-FR"},{"@type":"Organization","@id":"https:\/\/funanim.be\/#organization","name":"FunAnim","url":"https:\/\/funanim.be\/","logo":{"@type":"ImageObject","inLanguage":"fr-FR","@id":"https:\/\/funanim.be\/#\/schema\/logo\/image\/","url":"https:\/\/funanim.be\/wp-content\/uploads\/2023\/08\/cropped-logo_funanim.jpg","contentUrl":"https:\/\/funanim.be\/wp-content\/uploads\/2023\/08\/cropped-logo_funanim.jpg","width":1030,"height":489,"caption":"FunAnim"},"image":{"@id":"https:\/\/funanim.be\/#\/schema\/logo\/image\/"}}]}},"_links":{"self":[{"href":"https:\/\/funanim.be\/index.php\/wp-json\/wp\/v2\/pages\/740","targetHints":{"allow":["GET"]}}],"collection":[{"href":"https:\/\/funanim.be\/index.php\/wp-json\/wp\/v2\/pages"}],"about":[{"href":"https:\/\/funanim.be\/index.php\/wp-json\/wp\/v2\/types\/page"}],"author":[{"embeddable":true,"href":"https:\/\/funanim.be\/index.php\/wp-json\/wp\/v2\/users\/2"}],"replies":[{"embeddable":true,"href":"https:\/\/funanim.be\/index.php\/wp-json\/wp\/v2\/comments?post=740"}],"version-history":[{"count":16,"href":"https:\/\/funanim.be\/index.php\/wp-json\/wp\/v2\/pages\/740\/revisions"}],"predecessor-version":[{"id":2463,"href":"https:\/\/funanim.be\/index.php\/wp-json\/wp\/v2\/pages\/740\/revisions\/2463"}],"wp:attachment":[{"href":"https:\/\/funanim.be\/index.php\/wp-json\/wp\/v2\/media?parent=740"}],"curies":[{"name":"wp","href":"https:\/\/api.w.org\/{rel}","templated":true}]}}