{"id":87,"date":"2023-08-10T13:58:18","date_gmt":"2023-08-10T11:58:18","guid":{"rendered":"https:\/\/funanim.be\/?page_id=87"},"modified":"2026-02-01T15:52:49","modified_gmt":"2026-02-01T14:52:49","slug":"activites-sportives","status":"publish","type":"page","link":"https:\/\/funanim.be\/index.php\/activites-sportives\/","title":{"rendered":"Activit\u00e9s sportives"},"content":{"rendered":"\t\t<div data-elementor-type=\"wp-page\" data-elementor-id=\"87\" class=\"elementor elementor-87\">\n\t\t\t\t\t\t\t\t\t<section class=\"elementor-section elementor-top-section elementor-element elementor-element-edd34dc elementor-section-height-min-height elementor-section-stretched elementor-section-boxed elementor-section-height-default elementor-section-items-middle\" data-id=\"edd34dc\" data-element_type=\"section\" data-settings=\"{&quot;stretch_section&quot;:&quot;section-stretched&quot;,&quot;background_background&quot;:&quot;classic&quot;,&quot;shape_divider_bottom&quot;:&quot;waves&quot;}\">\n\t\t\t\t\t\t\t<div class=\"elementor-background-overlay\"><\/div>\n\t\t\t\t\t\t<div class=\"elementor-shape elementor-shape-bottom\" data-negative=\"false\">\n\t\t\t<svg xmlns=\"http:\/\/www.w3.org\/2000\/svg\" viewBox=\"0 0 1000 100\" preserveAspectRatio=\"none\">\n\t<path class=\"elementor-shape-fill\" d=\"M421.9,6.5c22.6-2.5,51.5,0.4,75.5,5.3c23.6,4.9,70.9,23.5,100.5,35.7c75.8,32.2,133.7,44.5,192.6,49.7\n\tc23.6,2.1,48.7,3.5,103.4-2.5c54.7-6,106.2-25.6,106.2-25.6V0H0v30.3c0,0,72,32.6,158.4,30.5c39.2-0.7,92.8-6.7,134-22.4\n\tc21.2-8.1,52.2-18.2,79.7-24.2C399.3,7.9,411.6,7.5,421.9,6.5z\"\/>\n<\/svg>\t\t<\/div>\n\t\t\t\t\t<div class=\"elementor-container elementor-column-gap-default\">\n\t\t\t\t\t<div class=\"elementor-column elementor-col-100 elementor-top-column elementor-element elementor-element-57ab049\" data-id=\"57ab049\" data-element_type=\"column\">\n\t\t\t<div class=\"elementor-widget-wrap elementor-element-populated\">\n\t\t\t\t\t\t\t\t<div class=\"elementor-element elementor-element-5b64bfc elementor-widget elementor-widget-heading\" data-id=\"5b64bfc\" data-element_type=\"widget\" data-widget_type=\"heading.default\">\n\t\t\t\t<div class=\"elementor-widget-container\">\n\t\t\t<style>\/*! elementor - v3.15.0 - 09-08-2023 *\/\n.elementor-heading-title{padding:0;margin:0;line-height:1}.elementor-widget-heading .elementor-heading-title[class*=elementor-size-]>a{color:inherit;font-size:inherit;line-height:inherit}.elementor-widget-heading .elementor-heading-title.elementor-size-small{font-size:15px}.elementor-widget-heading .elementor-heading-title.elementor-size-medium{font-size:19px}.elementor-widget-heading .elementor-heading-title.elementor-size-large{font-size:29px}.elementor-widget-heading .elementor-heading-title.elementor-size-xl{font-size:39px}.elementor-widget-heading .elementor-heading-title.elementor-size-xxl{font-size:59px}<\/style><h2 class=\"elementor-heading-title elementor-size-default\">Activit\u00e9s sportives<\/h2>\t\t<\/div>\n\t\t\t\t<\/div>\n\t\t\t\t\t<\/div>\n\t\t<\/div>\n\t\t\t\t\t\t\t<\/div>\n\t\t<\/section>\n\t\t\t\t<section class=\"elementor-section elementor-top-section elementor-element elementor-element-6c79d27 elementor-section-stretched elementor-section-boxed elementor-section-height-default elementor-section-height-default\" data-id=\"6c79d27\" data-element_type=\"section\" data-settings=\"{&quot;stretch_section&quot;:&quot;section-stretched&quot;}\">\n\t\t\t\t\t\t<div class=\"elementor-container elementor-column-gap-default\">\n\t\t\t\t\t<div class=\"elementor-column elementor-col-100 elementor-top-column elementor-element elementor-element-2ba45c5\" data-id=\"2ba45c5\" data-element_type=\"column\">\n\t\t\t<div class=\"elementor-widget-wrap elementor-element-populated\">\n\t\t\t\t\t\t\t\t<div class=\"elementor-element elementor-element-e557894 elementor-widget elementor-widget-text-editor\" data-id=\"e557894\" data-element_type=\"widget\" data-widget_type=\"text-editor.default\">\n\t\t\t\t<div class=\"elementor-widget-container\">\n\t\t\t<style>\/*! elementor - v3.15.0 - 09-08-2023 *\/\n.elementor-widget-text-editor.elementor-drop-cap-view-stacked .elementor-drop-cap{background-color:#69727d;color:#fff}.elementor-widget-text-editor.elementor-drop-cap-view-framed .elementor-drop-cap{color:#69727d;border:3px solid;background-color:transparent}.elementor-widget-text-editor:not(.elementor-drop-cap-view-default) .elementor-drop-cap{margin-top:8px}.elementor-widget-text-editor:not(.elementor-drop-cap-view-default) .elementor-drop-cap-letter{width:1em;height:1em}.elementor-widget-text-editor .elementor-drop-cap{float:left;text-align:center;line-height:1;font-size:50px}.elementor-widget-text-editor .elementor-drop-cap-letter{display:inline-block}<\/style>\t\t\t\t<h2>\u00a0<\/h2><h2>Fun Anim propose des activit\u00e9s sportives<br \/>pour les enfants \u00e0 partir de 1 an, jusque 12 ans<\/h2>\t\t\t\t\t\t<\/div>\n\t\t\t\t<\/div>\n\t\t\t\t\t<\/div>\n\t\t<\/div>\n\t\t\t\t\t\t\t<\/div>\n\t\t<\/section>\n\t\t\t\t<section class=\"elementor-section elementor-top-section elementor-element elementor-element-a7bb5c1 elementor-section-boxed elementor-section-height-default elementor-section-height-default\" data-id=\"a7bb5c1\" data-element_type=\"section\">\n\t\t\t\t\t\t<div class=\"elementor-container elementor-column-gap-default\">\n\t\t\t\t\t<div class=\"elementor-column elementor-col-33 elementor-top-column elementor-element elementor-element-cefdfed\" data-id=\"cefdfed\" data-element_type=\"column\">\n\t\t\t<div class=\"elementor-widget-wrap elementor-element-populated\">\n\t\t\t\t\t\t\t\t<div class=\"elementor-element elementor-element-6f8fcaa elementor-widget elementor-widget-image\" data-id=\"6f8fcaa\" data-element_type=\"widget\" data-widget_type=\"image.default\">\n\t\t\t\t<div class=\"elementor-widget-container\">\n\t\t\t<style>\/*! elementor - v3.15.0 - 09-08-2023 *\/\n.elementor-widget-image{text-align:center}.elementor-widget-image a{display:inline-block}.elementor-widget-image a img[src$=\".svg\"]{width:48px}.elementor-widget-image img{vertical-align:middle;display:inline-block}<\/style>\t\t\t\t\t\t\t\t\t\t\t\t\t<a href=\"http:\/\/funanim.be\/index.php\/baby-gym\/\">\n\t\t\t\t\t\t\t<img loading=\"lazy\" decoding=\"async\" width=\"960\" height=\"720\" src=\"https:\/\/funanim.be\/wp-content\/uploads\/2023\/08\/baby-gym.jpg\" class=\"attachment-large size-large wp-image-1707\" alt=\"\" srcset=\"https:\/\/funanim.be\/wp-content\/uploads\/2023\/08\/baby-gym.jpg 960w, https:\/\/funanim.be\/wp-content\/uploads\/2023\/08\/baby-gym-300x225.jpg 300w, https:\/\/funanim.be\/wp-content\/uploads\/2023\/08\/baby-gym-768x576.jpg 768w\" sizes=\"auto, (max-width: 960px) 100vw, 960px\" \/>\t\t\t\t\t\t\t\t<\/a>\n\t\t\t\t\t\t\t\t\t\t\t\t\t\t\t<\/div>\n\t\t\t\t<\/div>\n\t\t\t\t<div class=\"elementor-element elementor-element-07ed3d7 elementor-widget elementor-widget-heading\" data-id=\"07ed3d7\" data-element_type=\"widget\" data-widget_type=\"heading.default\">\n\t\t\t\t<div class=\"elementor-widget-container\">\n\t\t\t<h2 class=\"elementor-heading-title elementor-size-default\"><a href=\"http:\/\/funanim.be\/index.php\/baby-gym\/\">Baby-Gym<\/a><\/h2>\t\t<\/div>\n\t\t\t\t<\/div>\n\t\t\t\t<div class=\"elementor-element elementor-element-8b3745a elementor-widget elementor-widget-heading\" data-id=\"8b3745a\" data-element_type=\"widget\" data-widget_type=\"heading.default\">\n\t\t\t\t<div class=\"elementor-widget-container\">\n\t\t\t<h2 class=\"elementor-heading-title elementor-size-default\">de 1 an \u00e0 2 ans et demi<\/h2>\t\t<\/div>\n\t\t\t\t<\/div>\n\t\t\t\t\t<\/div>\n\t\t<\/div>\n\t\t\t\t<div class=\"elementor-column elementor-col-33 elementor-top-column elementor-element elementor-element-8526bdd\" data-id=\"8526bdd\" data-element_type=\"column\">\n\t\t\t<div class=\"elementor-widget-wrap elementor-element-populated\">\n\t\t\t\t\t\t\t\t<div class=\"elementor-element elementor-element-e3e9dda elementor-widget elementor-widget-image\" data-id=\"e3e9dda\" data-element_type=\"widget\" data-widget_type=\"image.default\">\n\t\t\t\t<div class=\"elementor-widget-container\">\n\t\t\t\t\t\t\t\t\t\t\t\t\t\t\t\t<a href=\"http:\/\/funanim.be\/index.php\/psychomotricite\/\">\n\t\t\t\t\t\t\t<img loading=\"lazy\" decoding=\"async\" width=\"960\" height=\"720\" src=\"https:\/\/funanim.be\/wp-content\/uploads\/2023\/08\/psychomotricite2.jpg\" class=\"attachment-large size-large wp-image-1708\" alt=\"\" srcset=\"https:\/\/funanim.be\/wp-content\/uploads\/2023\/08\/psychomotricite2.jpg 960w, https:\/\/funanim.be\/wp-content\/uploads\/2023\/08\/psychomotricite2-300x225.jpg 300w, https:\/\/funanim.be\/wp-content\/uploads\/2023\/08\/psychomotricite2-768x576.jpg 768w\" sizes=\"auto, (max-width: 960px) 100vw, 960px\" \/>\t\t\t\t\t\t\t\t<\/a>\n\t\t\t\t\t\t\t\t\t\t\t\t\t\t\t<\/div>\n\t\t\t\t<\/div>\n\t\t\t\t<div class=\"elementor-element elementor-element-b5b8770 elementor-widget elementor-widget-heading\" data-id=\"b5b8770\" data-element_type=\"widget\" data-widget_type=\"heading.default\">\n\t\t\t\t<div class=\"elementor-widget-container\">\n\t\t\t<h2 class=\"elementor-heading-title elementor-size-default\"><a href=\"http:\/\/funanim.be\/index.php\/psychomotricite\/\">Psychomotricit\u00e9<\/a><\/h2>\t\t<\/div>\n\t\t\t\t<\/div>\n\t\t\t\t<div class=\"elementor-element elementor-element-9206aef elementor-widget elementor-widget-heading\" data-id=\"9206aef\" data-element_type=\"widget\" data-widget_type=\"heading.default\">\n\t\t\t\t<div class=\"elementor-widget-container\">\n\t\t\t<h2 class=\"elementor-heading-title elementor-size-default\">de 2 ans et demi \u00e0 6 ans<\/h2>\t\t<\/div>\n\t\t\t\t<\/div>\n\t\t\t\t\t<\/div>\n\t\t<\/div>\n\t\t\t\t<div class=\"elementor-column elementor-col-33 elementor-top-column elementor-element elementor-element-54b366e\" data-id=\"54b366e\" data-element_type=\"column\">\n\t\t\t<div class=\"elementor-widget-wrap elementor-element-populated\">\n\t\t\t\t\t\t\t\t<div class=\"elementor-element elementor-element-b331c2c elementor-widget elementor-widget-image\" data-id=\"b331c2c\" data-element_type=\"widget\" data-widget_type=\"image.default\">\n\t\t\t\t<div class=\"elementor-widget-container\">\n\t\t\t\t\t\t\t\t\t\t\t\t\t\t\t\t<a href=\"http:\/\/funanim.be\/index.php\/multisports\/\">\n\t\t\t\t\t\t\t<img loading=\"lazy\" decoding=\"async\" width=\"1024\" height=\"768\" src=\"https:\/\/funanim.be\/wp-content\/uploads\/2023\/08\/multisports3-1024x768.jpg\" class=\"attachment-large size-large wp-image-1735\" alt=\"\" srcset=\"https:\/\/funanim.be\/wp-content\/uploads\/2023\/08\/multisports3-1024x768.jpg 1024w, https:\/\/funanim.be\/wp-content\/uploads\/2023\/08\/multisports3-300x225.jpg 300w, https:\/\/funanim.be\/wp-content\/uploads\/2023\/08\/multisports3-768x576.jpg 768w, https:\/\/funanim.be\/wp-content\/uploads\/2023\/08\/multisports3.jpg 1080w\" sizes=\"auto, (max-width: 1024px) 100vw, 1024px\" \/>\t\t\t\t\t\t\t\t<\/a>\n\t\t\t\t\t\t\t\t\t\t\t\t\t\t\t<\/div>\n\t\t\t\t<\/div>\n\t\t\t\t<div class=\"elementor-element elementor-element-2674117 elementor-widget elementor-widget-heading\" data-id=\"2674117\" data-element_type=\"widget\" data-widget_type=\"heading.default\">\n\t\t\t\t<div class=\"elementor-widget-container\">\n\t\t\t<h2 class=\"elementor-heading-title elementor-size-default\"><a href=\"http:\/\/funanim.be\/index.php\/multisports\/\">Multisports<\/a><\/h2>\t\t<\/div>\n\t\t\t\t<\/div>\n\t\t\t\t<div class=\"elementor-element elementor-element-3c6f700 elementor-widget elementor-widget-heading\" data-id=\"3c6f700\" data-element_type=\"widget\" data-widget_type=\"heading.default\">\n\t\t\t\t<div class=\"elementor-widget-container\">\n\t\t\t<h2 class=\"elementor-heading-title elementor-size-default\">de 6 ans \u00e0 12 ans<\/h2>\t\t<\/div>\n\t\t\t\t<\/div>\n\t\t\t\t\t<\/div>\n\t\t<\/div>\n\t\t\t\t\t\t\t<\/div>\n\t\t<\/section>\n\t\t\t\t\t\t\t<\/div>\n\t\t","protected":false},"excerpt":{"rendered":"<p>Activit\u00e9s sportives \u00a0 Fun Anim propose des activit\u00e9s sportivespour les enfants \u00e0 partir de 1 an, jusque 12 ans Baby-Gym de 1 an \u00e0 2 ans et demi Psychomotricit\u00e9 de 2 ans et demi \u00e0 6 ans Multisports de 6 ans \u00e0 12 ans<\/p>\n","protected":false},"author":2,"featured_media":0,"parent":0,"menu_order":0,"comment_status":"closed","ping_status":"closed","template":"","meta":{"footnotes":""},"class_list":["post-87","page","type-page","status-publish","hentry","entry"],"yoast_head":"<!-- This site is optimized with the Yoast SEO plugin v20.13 - https:\/\/yoast.com\/wordpress\/plugins\/seo\/ -->\n<title>Activit\u00e9s sportives - FunAnim<\/title>\n<meta name=\"robots\" content=\"index, follow, max-snippet:-1, max-image-preview:large, max-video-preview:-1\" \/>\n<link rel=\"canonical\" href=\"https:\/\/funanim.be\/index.php\/activites-sportives\/\" \/>\n<meta property=\"og:locale\" content=\"fr_FR\" \/>\n<meta property=\"og:type\" content=\"article\" \/>\n<meta property=\"og:title\" content=\"Activit\u00e9s sportives - FunAnim\" \/>\n<meta property=\"og:description\" content=\"Activit\u00e9s sportives \u00a0 Fun Anim propose des activit\u00e9s sportivespour les enfants \u00e0 partir de 1 an, jusque 12 ans Baby-Gym de 1 an \u00e0 2 ans et demi Psychomotricit\u00e9 de 2 ans et demi \u00e0 6 ans Multisports de 6 ans \u00e0 12 ans\" \/>\n<meta property=\"og:url\" content=\"https:\/\/funanim.be\/index.php\/activites-sportives\/\" \/>\n<meta property=\"og:site_name\" content=\"FunAnim\" \/>\n<meta property=\"article:modified_time\" content=\"2026-02-01T14:52:49+00:00\" \/>\n<meta property=\"og:image\" content=\"http:\/\/funanim.be\/wp-content\/uploads\/2023\/08\/baby-gym.jpg\" \/>\n<meta name=\"twitter:card\" content=\"summary_large_image\" \/>\n<meta name=\"twitter:label1\" content=\"Dur\u00e9e de lecture estim\u00e9e\" \/>\n\t<meta name=\"twitter:data1\" content=\"1 minute\" \/>\n<script type=\"application\/ld+json\" class=\"yoast-schema-graph\">{\"@context\":\"https:\/\/schema.org\",\"@graph\":[{\"@type\":\"WebPage\",\"@id\":\"https:\/\/funanim.be\/index.php\/activites-sportives\/\",\"url\":\"https:\/\/funanim.be\/index.php\/activites-sportives\/\",\"name\":\"Activit\u00e9s sportives - FunAnim\",\"isPartOf\":{\"@id\":\"https:\/\/funanim.be\/#website\"},\"datePublished\":\"2023-08-10T11:58:18+00:00\",\"dateModified\":\"2026-02-01T14:52:49+00:00\",\"breadcrumb\":{\"@id\":\"https:\/\/funanim.be\/index.php\/activites-sportives\/#breadcrumb\"},\"inLanguage\":\"fr-FR\",\"potentialAction\":[{\"@type\":\"ReadAction\",\"target\":[\"https:\/\/funanim.be\/index.php\/activites-sportives\/\"]}]},{\"@type\":\"BreadcrumbList\",\"@id\":\"https:\/\/funanim.be\/index.php\/activites-sportives\/#breadcrumb\",\"itemListElement\":[{\"@type\":\"ListItem\",\"position\":1,\"name\":\"Accueil\",\"item\":\"https:\/\/funanim.be\/\"},{\"@type\":\"ListItem\",\"position\":2,\"name\":\"Activit\u00e9s sportives\"}]},{\"@type\":\"WebSite\",\"@id\":\"https:\/\/funanim.be\/#website\",\"url\":\"https:\/\/funanim.be\/\",\"name\":\"FunAnim\",\"description\":\"Locations et animations pour tout \u00e9v\u00e9nement\",\"publisher\":{\"@id\":\"https:\/\/funanim.be\/#organization\"},\"potentialAction\":[{\"@type\":\"SearchAction\",\"target\":{\"@type\":\"EntryPoint\",\"urlTemplate\":\"https:\/\/funanim.be\/?s={search_term_string}\"},\"query-input\":\"required name=search_term_string\"}],\"inLanguage\":\"fr-FR\"},{\"@type\":\"Organization\",\"@id\":\"https:\/\/funanim.be\/#organization\",\"name\":\"FunAnim\",\"url\":\"https:\/\/funanim.be\/\",\"logo\":{\"@type\":\"ImageObject\",\"inLanguage\":\"fr-FR\",\"@id\":\"https:\/\/funanim.be\/#\/schema\/logo\/image\/\",\"url\":\"https:\/\/funanim.be\/wp-content\/uploads\/2023\/08\/cropped-logo_funanim.jpg\",\"contentUrl\":\"https:\/\/funanim.be\/wp-content\/uploads\/2023\/08\/cropped-logo_funanim.jpg\",\"width\":1030,\"height\":489,\"caption\":\"FunAnim\"},\"image\":{\"@id\":\"https:\/\/funanim.be\/#\/schema\/logo\/image\/\"}}]}<\/script>\n<!-- \/ Yoast SEO plugin. -->","yoast_head_json":{"title":"Activit\u00e9s sportives - FunAnim","robots":{"index":"index","follow":"follow","max-snippet":"max-snippet:-1","max-image-preview":"max-image-preview:large","max-video-preview":"max-video-preview:-1"},"canonical":"https:\/\/funanim.be\/index.php\/activites-sportives\/","og_locale":"fr_FR","og_type":"article","og_title":"Activit\u00e9s sportives - FunAnim","og_description":"Activit\u00e9s sportives \u00a0 Fun Anim propose des activit\u00e9s sportivespour les enfants \u00e0 partir de 1 an, jusque 12 ans Baby-Gym de 1 an \u00e0 2 ans et demi Psychomotricit\u00e9 de 2 ans et demi \u00e0 6 ans Multisports de 6 ans \u00e0 12 ans","og_url":"https:\/\/funanim.be\/index.php\/activites-sportives\/","og_site_name":"FunAnim","article_modified_time":"2026-02-01T14:52:49+00:00","og_image":[{"url":"http:\/\/funanim.be\/wp-content\/uploads\/2023\/08\/baby-gym.jpg"}],"twitter_card":"summary_large_image","twitter_misc":{"Dur\u00e9e de lecture estim\u00e9e":"1 minute"},"schema":{"@context":"https:\/\/schema.org","@graph":[{"@type":"WebPage","@id":"https:\/\/funanim.be\/index.php\/activites-sportives\/","url":"https:\/\/funanim.be\/index.php\/activites-sportives\/","name":"Activit\u00e9s sportives - FunAnim","isPartOf":{"@id":"https:\/\/funanim.be\/#website"},"datePublished":"2023-08-10T11:58:18+00:00","dateModified":"2026-02-01T14:52:49+00:00","breadcrumb":{"@id":"https:\/\/funanim.be\/index.php\/activites-sportives\/#breadcrumb"},"inLanguage":"fr-FR","potentialAction":[{"@type":"ReadAction","target":["https:\/\/funanim.be\/index.php\/activites-sportives\/"]}]},{"@type":"BreadcrumbList","@id":"https:\/\/funanim.be\/index.php\/activites-sportives\/#breadcrumb","itemListElement":[{"@type":"ListItem","position":1,"name":"Accueil","item":"https:\/\/funanim.be\/"},{"@type":"ListItem","position":2,"name":"Activit\u00e9s sportives"}]},{"@type":"WebSite","@id":"https:\/\/funanim.be\/#website","url":"https:\/\/funanim.be\/","name":"FunAnim","description":"Locations et animations pour tout \u00e9v\u00e9nement","publisher":{"@id":"https:\/\/funanim.be\/#organization"},"potentialAction":[{"@type":"SearchAction","target":{"@type":"EntryPoint","urlTemplate":"https:\/\/funanim.be\/?s={search_term_string}"},"query-input":"required name=search_term_string"}],"inLanguage":"fr-FR"},{"@type":"Organization","@id":"https:\/\/funanim.be\/#organization","name":"FunAnim","url":"https:\/\/funanim.be\/","logo":{"@type":"ImageObject","inLanguage":"fr-FR","@id":"https:\/\/funanim.be\/#\/schema\/logo\/image\/","url":"https:\/\/funanim.be\/wp-content\/uploads\/2023\/08\/cropped-logo_funanim.jpg","contentUrl":"https:\/\/funanim.be\/wp-content\/uploads\/2023\/08\/cropped-logo_funanim.jpg","width":1030,"height":489,"caption":"FunAnim"},"image":{"@id":"https:\/\/funanim.be\/#\/schema\/logo\/image\/"}}]}},"_links":{"self":[{"href":"https:\/\/funanim.be\/index.php\/wp-json\/wp\/v2\/pages\/87","targetHints":{"allow":["GET"]}}],"collection":[{"href":"https:\/\/funanim.be\/index.php\/wp-json\/wp\/v2\/pages"}],"about":[{"href":"https:\/\/funanim.be\/index.php\/wp-json\/wp\/v2\/types\/page"}],"author":[{"embeddable":true,"href":"https:\/\/funanim.be\/index.php\/wp-json\/wp\/v2\/users\/2"}],"replies":[{"embeddable":true,"href":"https:\/\/funanim.be\/index.php\/wp-json\/wp\/v2\/comments?post=87"}],"version-history":[{"count":58,"href":"https:\/\/funanim.be\/index.php\/wp-json\/wp\/v2\/pages\/87\/revisions"}],"predecessor-version":[{"id":2593,"href":"https:\/\/funanim.be\/index.php\/wp-json\/wp\/v2\/pages\/87\/revisions\/2593"}],"wp:attachment":[{"href":"https:\/\/funanim.be\/index.php\/wp-json\/wp\/v2\/media?parent=87"}],"curies":[{"name":"wp","href":"https:\/\/api.w.org\/{rel}","templated":true}]}}